{"id":1150,"date":"2021-06-10T15:14:11","date_gmt":"2021-06-10T15:14:11","guid":{"rendered":"https:\/\/acoinpre.com\/?page_id=1150"},"modified":"2021-06-11T14:02:25","modified_gmt":"2021-06-11T14:02:25","slug":"formacion-especializada","status":"publish","type":"page","link":"https:\/\/acoinpre.com\/?page_id=1150","title":{"rendered":"Formaci\u00f3n Especializada"},"content":{"rendered":"\t\t<div data-elementor-type=\"wp-page\" data-elementor-id=\"1150\" class=\"elementor elementor-1150\" data-elementor-settings=\"[]\">\n\t\t\t\t\t\t<div class=\"elementor-inner\">\n\t\t\t\t\t\t\t<div class=\"elementor-section-wrap\">\n\t\t\t\t\t\t\t<section class=\"elementor-section elementor-top-section elementor-element elementor-element-6bb650b4 elementor-section-content-middle elementor-section-boxed elementor-section-height-default elementor-section-height-default\" data-id=\"6bb650b4\" data-element_type=\"section\">\n\t\t\t\t\t\t<div class=\"elementor-container elementor-column-gap-no\">\n\t\t\t\t\t\t\t<div class=\"elementor-row\">\n\t\t\t\t\t<div class=\"aux-parallax-section elementor-column elementor-col-50 elementor-top-column elementor-element elementor-element-5967b807\" data-id=\"5967b807\" data-element_type=\"column\">\n\t\t\t<div class=\"elementor-column-wrap elementor-element-populated\">\n\t\t\t\t\t\t\t<div class=\"elementor-widget-wrap\">\n\t\t\t\t\t\t<div class=\"elementor-element elementor-element-ca1f591 elementor-widget elementor-widget-heading\" data-id=\"ca1f591\" data-element_type=\"widget\" data-widget_type=\"heading.default\">\n\t\t\t\t<div class=\"elementor-widget-container\">\n\t\t\t<h3 class=\"elementor-heading-title elementor-size-default\">Formaci\u00f3n Especializada<\/h3>\t\t<\/div>\n\t\t\t\t<\/div>\n\t\t\t\t<div class=\"elementor-element elementor-element-7ccb180a elementor-widget elementor-widget-text-editor\" data-id=\"7ccb180a\" data-element_type=\"widget\" data-widget_type=\"text-editor.default\">\n\t\t\t\t<div class=\"elementor-widget-container\">\n\t\t\t\t\t\t\t\t<div class=\"elementor-text-editor elementor-clearfix\">\n\t\t\t\t<p>Los procesos de selecci\u00f3n, el bienestar laboral, son un eje fundamental para la ejecuci\u00f3n de la estrategia de la compa\u00f1\u00eda. Hemos desarrollado capacitaciones y fortalecimiento de la productividad empresarial basado en formaci\u00f3n especializada.<\/p><p>1. Curso Aplicaci\u00f3n de la norma ISO 18788:2018 a la gesti\u00f3n de empresas de seguridad 20 horas.<br \/>2. Curso Gesti\u00f3n del Riesgo en empresas enfocadas a la innovaci\u00f3n ISO 31000 20 horas.<br \/>3. Diplomado Oficial de cumplimiento: un reto para las empresas Colombianas en la Revoluci\u00f3n 4.0 90 horas.<\/p>\t\t\t\t\t<\/div>\n\t\t\t\t\t\t<\/div>\n\t\t\t\t<\/div>\n\t\t\t\t<div class=\"elementor-element elementor-element-3a454f8 elementor-widget elementor-widget-image\" data-id=\"3a454f8\" data-element_type=\"widget\" data-widget_type=\"image.default\">\n\t\t\t\t<div class=\"elementor-widget-container\">\n\t\t\t\t\t\t\t\t<div class=\"elementor-image\">\n\t\t\t\t\t\t\t\t\t\t\t\t<img width=\"1024\" height=\"628\" src=\"https:\/\/acoinpre.com\/wp-content\/uploads\/2021\/06\/mejores-habitos-de-estudio-1024x628.jpg\" class=\"attachment-large size-large\" alt=\"\" loading=\"lazy\" \/>\t\t\t\t\t\t\t\t\t\t\t\t\t\t<\/div>\n\t\t\t\t\t\t<\/div>\n\t\t\t\t<\/div>\n\t\t\t\t\t\t<\/div>\n\t\t\t\t\t<\/div>\n\t\t<\/div>\n\t\t\t\t<div class=\"aux-parallax-section elementor-column elementor-col-50 elementor-top-column elementor-element elementor-element-55e50a77\" data-id=\"55e50a77\" data-element_type=\"column\">\n\t\t\t<div class=\"elementor-column-wrap elementor-element-populated\">\n\t\t\t\t\t\t\t<div class=\"elementor-widget-wrap\">\n\t\t\t\t\t\t<div class=\"elementor-element elementor-element-e6e1d80 elementor-widget elementor-widget-image\" data-id=\"e6e1d80\" data-element_type=\"widget\" data-widget_type=\"image.default\">\n\t\t\t\t<div class=\"elementor-widget-container\">\n\t\t\t\t\t\t\t\t<div class=\"elementor-image\">\n\t\t\t\t\t\t\t\t\t\t\t\t<img width=\"1024\" height=\"577\" src=\"https:\/\/acoinpre.com\/wp-content\/uploads\/2021\/06\/43dced96-2017-03-29-thumb-software-estudantes.jpg\" class=\"attachment-large size-large\" alt=\"\" loading=\"lazy\" srcset=\"https:\/\/acoinpre.com\/wp-content\/uploads\/2021\/06\/43dced96-2017-03-29-thumb-software-estudantes.jpg 1460w, https:\/\/acoinpre.com\/wp-content\/uploads\/2021\/06\/43dced96-2017-03-29-thumb-software-estudantes-600x338.jpg 600w\" sizes=\"(max-width: 1024px) 100vw, 1024px\" \/>\t\t\t\t\t\t\t\t\t\t\t\t\t\t<\/div>\n\t\t\t\t\t\t<\/div>\n\t\t\t\t<\/div>\n\t\t\t\t\t\t<\/div>\n\t\t\t\t\t<\/div>\n\t\t<\/div>\n\t\t\t\t\t\t\t\t<\/div>\n\t\t\t\t\t<\/div>\n\t\t<\/section>\n\t\t\t\t\t\t<\/div>\n\t\t\t\t\t\t<\/div>\n\t\t\t\t\t<\/div>\n\t\t","protected":false},"excerpt":{"rendered":"<p>Formaci\u00f3n Especializada Los procesos de selecci\u00f3n, el bienestar laboral, son un eje fundamental para la ejecuci\u00f3n de la estrategia de la compa\u00f1\u00eda. Hemos desarrollado capacitaciones y fortalecimiento de la productividad empresarial basado en formaci\u00f3n especializada. 1. Curso Aplicaci\u00f3n de la norma ISO 18788:2018 a la gesti\u00f3n de empresas de seguridad 20 horas.2. Curso Gesti\u00f3n del [&hellip;]<\/p>\n","protected":false},"author":1,"featured_media":0,"parent":0,"menu_order":0,"comment_status":"closed","ping_status":"closed","template":"","meta":[],"yoast_head":"<!-- This site is optimized with the Yoast SEO plugin v18.2 - https:\/\/yoast.com\/wordpress\/plugins\/seo\/ -->\n<title>Formaci\u00f3n Especializada - ACOINPRE.COM<\/title>\n<meta name=\"robots\" content=\"index, follow, max-snippet:-1, max-image-preview:large, max-video-preview:-1\" \/>\n<link rel=\"canonical\" href=\"https:\/\/acoinpre.com\/?page_id=1150\" \/>\n<meta property=\"og:locale\" content=\"es_ES\" \/>\n<meta property=\"og:type\" content=\"article\" \/>\n<meta property=\"og:title\" content=\"Formaci\u00f3n Especializada - ACOINPRE.COM\" \/>\n<meta property=\"og:description\" content=\"Formaci\u00f3n Especializada Los procesos de selecci\u00f3n, el bienestar laboral, son un eje fundamental para la ejecuci\u00f3n de la estrategia de la compa\u00f1\u00eda. Hemos desarrollado capacitaciones y fortalecimiento de la productividad empresarial basado en formaci\u00f3n especializada. 1. Curso Aplicaci\u00f3n de la norma ISO 18788:2018 a la gesti\u00f3n de empresas de seguridad 20 horas.2. Curso Gesti\u00f3n del [&hellip;]\" \/>\n<meta property=\"og:url\" content=\"https:\/\/acoinpre.com\/?page_id=1150\" \/>\n<meta property=\"og:site_name\" content=\"ACOINPRE.COM\" \/>\n<meta property=\"article:publisher\" content=\"https:\/\/www.facebook.com\/asociacion.acoinpre\" \/>\n<meta property=\"article:modified_time\" content=\"2021-06-11T14:02:25+00:00\" \/>\n<meta property=\"og:image\" content=\"https:\/\/acoinpre.com\/wp-content\/uploads\/2021\/06\/mejores-habitos-de-estudio-1024x628.jpg\" \/>\n<meta name=\"twitter:card\" content=\"summary_large_image\" \/>\n<script type=\"application\/ld+json\" class=\"yoast-schema-graph\">{\"@context\":\"https:\/\/schema.org\",\"@graph\":[{\"@type\":\"Organization\",\"@id\":\"https:\/\/acoinpre.com\/#organization\",\"name\":\"Acoinpre\",\"url\":\"https:\/\/acoinpre.com\/\",\"sameAs\":[\"https:\/\/www.facebook.com\/asociacion.acoinpre\",\"https:\/\/www.instagram.com\/acoinpre\/\"],\"logo\":{\"@type\":\"ImageObject\",\"@id\":\"https:\/\/acoinpre.com\/#logo\",\"inLanguage\":\"es\",\"url\":\"https:\/\/acoinpre.com\/wp-content\/uploads\/2022\/02\/cropped-Acoimpre-logo-2-1.png\",\"contentUrl\":\"https:\/\/acoinpre.com\/wp-content\/uploads\/2022\/02\/cropped-Acoimpre-logo-2-1.png\",\"width\":150,\"height\":64,\"caption\":\"Acoinpre\"},\"image\":{\"@id\":\"https:\/\/acoinpre.com\/#logo\"}},{\"@type\":\"WebSite\",\"@id\":\"https:\/\/acoinpre.com\/#website\",\"url\":\"https:\/\/acoinpre.com\/\",\"name\":\"ACOINPRE.COM\",\"description\":\"Competitividad, Innovaci\u00f3n y Productividad Empresarial\",\"publisher\":{\"@id\":\"https:\/\/acoinpre.com\/#organization\"},\"potentialAction\":[{\"@type\":\"SearchAction\",\"target\":{\"@type\":\"EntryPoint\",\"urlTemplate\":\"https:\/\/acoinpre.com\/?s={search_term_string}\"},\"query-input\":\"required name=search_term_string\"}],\"inLanguage\":\"es\"},{\"@type\":\"ImageObject\",\"@id\":\"https:\/\/acoinpre.com\/?page_id=1150#primaryimage\",\"inLanguage\":\"es\",\"url\":\"https:\/\/acoinpre.com\/wp-content\/uploads\/2021\/06\/mejores-habitos-de-estudio.jpg\",\"contentUrl\":\"https:\/\/acoinpre.com\/wp-content\/uploads\/2021\/06\/mejores-habitos-de-estudio.jpg\",\"width\":1200,\"height\":628},{\"@type\":\"WebPage\",\"@id\":\"https:\/\/acoinpre.com\/?page_id=1150#webpage\",\"url\":\"https:\/\/acoinpre.com\/?page_id=1150\",\"name\":\"Formaci\u00f3n Especializada - ACOINPRE.COM\",\"isPartOf\":{\"@id\":\"https:\/\/acoinpre.com\/#website\"},\"primaryImageOfPage\":{\"@id\":\"https:\/\/acoinpre.com\/?page_id=1150#primaryimage\"},\"datePublished\":\"2021-06-10T15:14:11+00:00\",\"dateModified\":\"2021-06-11T14:02:25+00:00\",\"breadcrumb\":{\"@id\":\"https:\/\/acoinpre.com\/?page_id=1150#breadcrumb\"},\"inLanguage\":\"es\",\"potentialAction\":[{\"@type\":\"ReadAction\",\"target\":[\"https:\/\/acoinpre.com\/?page_id=1150\"]}]},{\"@type\":\"BreadcrumbList\",\"@id\":\"https:\/\/acoinpre.com\/?page_id=1150#breadcrumb\",\"itemListElement\":[{\"@type\":\"ListItem\",\"position\":1,\"name\":\"Home\",\"item\":\"https:\/\/acoinpre.com\/\"},{\"@type\":\"ListItem\",\"position\":2,\"name\":\"Formaci\u00f3n Especializada\"}]}]}<\/script>\n<!-- \/ Yoast SEO plugin. -->","yoast_head_json":{"title":"Formaci\u00f3n Especializada - ACOINPRE.COM","robots":{"index":"index","follow":"follow","max-snippet":"max-snippet:-1","max-image-preview":"max-image-preview:large","max-video-preview":"max-video-preview:-1"},"canonical":"https:\/\/acoinpre.com\/?page_id=1150","og_locale":"es_ES","og_type":"article","og_title":"Formaci\u00f3n Especializada - ACOINPRE.COM","og_description":"Formaci\u00f3n Especializada Los procesos de selecci\u00f3n, el bienestar laboral, son un eje fundamental para la ejecuci\u00f3n de la estrategia de la compa\u00f1\u00eda. Hemos desarrollado capacitaciones y fortalecimiento de la productividad empresarial basado en formaci\u00f3n especializada. 1. Curso Aplicaci\u00f3n de la norma ISO 18788:2018 a la gesti\u00f3n de empresas de seguridad 20 horas.2. Curso Gesti\u00f3n del [&hellip;]","og_url":"https:\/\/acoinpre.com\/?page_id=1150","og_site_name":"ACOINPRE.COM","article_publisher":"https:\/\/www.facebook.com\/asociacion.acoinpre","article_modified_time":"2021-06-11T14:02:25+00:00","og_image":[{"url":"https:\/\/acoinpre.com\/wp-content\/uploads\/2021\/06\/mejores-habitos-de-estudio-1024x628.jpg"}],"twitter_card":"summary_large_image","schema":{"@context":"https:\/\/schema.org","@graph":[{"@type":"Organization","@id":"https:\/\/acoinpre.com\/#organization","name":"Acoinpre","url":"https:\/\/acoinpre.com\/","sameAs":["https:\/\/www.facebook.com\/asociacion.acoinpre","https:\/\/www.instagram.com\/acoinpre\/"],"logo":{"@type":"ImageObject","@id":"https:\/\/acoinpre.com\/#logo","inLanguage":"es","url":"https:\/\/acoinpre.com\/wp-content\/uploads\/2022\/02\/cropped-Acoimpre-logo-2-1.png","contentUrl":"https:\/\/acoinpre.com\/wp-content\/uploads\/2022\/02\/cropped-Acoimpre-logo-2-1.png","width":150,"height":64,"caption":"Acoinpre"},"image":{"@id":"https:\/\/acoinpre.com\/#logo"}},{"@type":"WebSite","@id":"https:\/\/acoinpre.com\/#website","url":"https:\/\/acoinpre.com\/","name":"ACOINPRE.COM","description":"Competitividad, Innovaci\u00f3n y Productividad Empresarial","publisher":{"@id":"https:\/\/acoinpre.com\/#organization"},"potentialAction":[{"@type":"SearchAction","target":{"@type":"EntryPoint","urlTemplate":"https:\/\/acoinpre.com\/?s={search_term_string}"},"query-input":"required name=search_term_string"}],"inLanguage":"es"},{"@type":"ImageObject","@id":"https:\/\/acoinpre.com\/?page_id=1150#primaryimage","inLanguage":"es","url":"https:\/\/acoinpre.com\/wp-content\/uploads\/2021\/06\/mejores-habitos-de-estudio.jpg","contentUrl":"https:\/\/acoinpre.com\/wp-content\/uploads\/2021\/06\/mejores-habitos-de-estudio.jpg","width":1200,"height":628},{"@type":"WebPage","@id":"https:\/\/acoinpre.com\/?page_id=1150#webpage","url":"https:\/\/acoinpre.com\/?page_id=1150","name":"Formaci\u00f3n Especializada - ACOINPRE.COM","isPartOf":{"@id":"https:\/\/acoinpre.com\/#website"},"primaryImageOfPage":{"@id":"https:\/\/acoinpre.com\/?page_id=1150#primaryimage"},"datePublished":"2021-06-10T15:14:11+00:00","dateModified":"2021-06-11T14:02:25+00:00","breadcrumb":{"@id":"https:\/\/acoinpre.com\/?page_id=1150#breadcrumb"},"inLanguage":"es","potentialAction":[{"@type":"ReadAction","target":["https:\/\/acoinpre.com\/?page_id=1150"]}]},{"@type":"BreadcrumbList","@id":"https:\/\/acoinpre.com\/?page_id=1150#breadcrumb","itemListElement":[{"@type":"ListItem","position":1,"name":"Home","item":"https:\/\/acoinpre.com\/"},{"@type":"ListItem","position":2,"name":"Formaci\u00f3n Especializada"}]}]}},"_links":{"self":[{"href":"https:\/\/acoinpre.com\/index.php?rest_route=\/wp\/v2\/pages\/1150"}],"collection":[{"href":"https:\/\/acoinpre.com\/index.php?rest_route=\/wp\/v2\/pages"}],"about":[{"href":"https:\/\/acoinpre.com\/index.php?rest_route=\/wp\/v2\/types\/page"}],"author":[{"embeddable":true,"href":"https:\/\/acoinpre.com\/index.php?rest_route=\/wp\/v2\/users\/1"}],"replies":[{"embeddable":true,"href":"https:\/\/acoinpre.com\/index.php?rest_route=%2Fwp%2Fv2%2Fcomments&post=1150"}],"version-history":[{"count":10,"href":"https:\/\/acoinpre.com\/index.php?rest_route=\/wp\/v2\/pages\/1150\/revisions"}],"predecessor-version":[{"id":1166,"href":"https:\/\/acoinpre.com\/index.php?rest_route=\/wp\/v2\/pages\/1150\/revisions\/1166"}],"wp:attachment":[{"href":"https:\/\/acoinpre.com\/index.php?rest_route=%2Fwp%2Fv2%2Fmedia&parent=1150"}],"curies":[{"name":"wp","href":"https:\/\/api.w.org\/{rel}","templated":true}]}}