{"id":1622,"date":"2023-01-23T20:17:19","date_gmt":"2023-01-23T20:17:19","guid":{"rendered":"https:\/\/acoinpre.com\/?page_id=1622"},"modified":"2023-01-23T20:17:20","modified_gmt":"2023-01-23T20:17:20","slug":"contacto","status":"publish","type":"page","link":"https:\/\/acoinpre.com\/?page_id=1622","title":{"rendered":"HABLE CON NOSOTROS"},"content":{"rendered":"\t\t<div data-elementor-type=\"wp-page\" data-elementor-id=\"1622\" class=\"elementor elementor-1622\" data-elementor-settings=\"[]\">\n\t\t\t\t\t\t<div class=\"elementor-inner\">\n\t\t\t\t\t\t\t<div class=\"elementor-section-wrap\">\n\t\t\t\t\t\t\t<section class=\"elementor-section elementor-top-section elementor-element elementor-element-643a539 elementor-section-boxed elementor-section-height-default elementor-section-height-default\" data-id=\"643a539\" data-element_type=\"section\">\n\t\t\t\t\t\t<div class=\"elementor-container elementor-column-gap-default\">\n\t\t\t\t\t\t\t<div class=\"elementor-row\">\n\t\t\t\t\t<div class=\"aux-parallax-section elementor-column elementor-col-100 elementor-top-column elementor-element elementor-element-26f042a\" data-id=\"26f042a\" data-element_type=\"column\">\n\t\t\t<div class=\"elementor-column-wrap elementor-element-populated\">\n\t\t\t\t\t\t\t<div class=\"elementor-widget-wrap\">\n\t\t\t\t\t\t<div class=\"elementor-element elementor-element-56c5f64 elementor-widget elementor-widget-heading\" data-id=\"56c5f64\" data-element_type=\"widget\" data-widget_type=\"heading.default\">\n\t\t\t\t<div class=\"elementor-widget-container\">\n\t\t\t<h2 class=\"elementor-heading-title elementor-size-default\">Hable con nosotros<\/h2>\t\t<\/div>\n\t\t\t\t<\/div>\n\t\t\t\t\t\t<\/div>\n\t\t\t\t\t<\/div>\n\t\t<\/div>\n\t\t\t\t\t\t\t\t<\/div>\n\t\t\t\t\t<\/div>\n\t\t<\/section>\n\t\t\t\t<section class=\"elementor-section elementor-top-section elementor-element elementor-element-b6f3ffa elementor-section-boxed elementor-section-height-default elementor-section-height-default\" data-id=\"b6f3ffa\" data-element_type=\"section\">\n\t\t\t\t\t\t<div class=\"elementor-container elementor-column-gap-default\">\n\t\t\t\t\t\t\t<div class=\"elementor-row\">\n\t\t\t\t\t<div class=\"aux-parallax-section elementor-column elementor-col-100 elementor-top-column elementor-element elementor-element-694ec5d\" data-id=\"694ec5d\" data-element_type=\"column\">\n\t\t\t<div class=\"elementor-column-wrap\">\n\t\t\t\t\t\t\t<div class=\"elementor-widget-wrap\">\n\t\t\t\t\t\t\t\t<\/div>\n\t\t\t\t\t<\/div>\n\t\t<\/div>\n\t\t\t\t\t\t\t\t<\/div>\n\t\t\t\t\t<\/div>\n\t\t<\/section>\n\t\t\t\t<section class=\"elementor-section elementor-top-section elementor-element elementor-element-63f42ef elementor-section-boxed elementor-section-height-default elementor-section-height-default\" data-id=\"63f42ef\" data-element_type=\"section\">\n\t\t\t\t\t\t<div class=\"elementor-container elementor-column-gap-default\">\n\t\t\t\t\t\t\t<div class=\"elementor-row\">\n\t\t\t\t\t<div class=\"aux-parallax-section elementor-column elementor-col-33 elementor-top-column elementor-element elementor-element-8f857f7\" data-id=\"8f857f7\" data-element_type=\"column\">\n\t\t\t<div class=\"elementor-column-wrap elementor-element-populated\">\n\t\t\t\t\t\t\t<div class=\"elementor-widget-wrap\">\n\t\t\t\t\t\t<div class=\"elementor-element elementor-element-585f64e elementor-widget elementor-widget-heading\" data-id=\"585f64e\" data-element_type=\"widget\" data-widget_type=\"heading.default\">\n\t\t\t\t<div class=\"elementor-widget-container\">\n\t\t\t<h2 class=\"elementor-heading-title elementor-size-default\">Llamada telef\u00f3nica y\/o WhatsApp<\/h2>\t\t<\/div>\n\t\t\t\t<\/div>\n\t\t\t\t\t\t<\/div>\n\t\t\t\t\t<\/div>\n\t\t<\/div>\n\t\t\t\t<div class=\"aux-parallax-section elementor-column elementor-col-33 elementor-top-column elementor-element elementor-element-4dc7af4\" data-id=\"4dc7af4\" data-element_type=\"column\">\n\t\t\t<div class=\"elementor-column-wrap elementor-element-populated\">\n\t\t\t\t\t\t\t<div class=\"elementor-widget-wrap\">\n\t\t\t\t\t\t<div class=\"elementor-element elementor-element-1083528 elementor-widget elementor-widget-heading\" data-id=\"1083528\" data-element_type=\"widget\" data-widget_type=\"heading.default\">\n\t\t\t\t<div class=\"elementor-widget-container\">\n\t\t\t<h2 class=\"elementor-heading-title elementor-size-default\">Correo electr\u00f3nico<\/h2>\t\t<\/div>\n\t\t\t\t<\/div>\n\t\t\t\t\t\t<\/div>\n\t\t\t\t\t<\/div>\n\t\t<\/div>\n\t\t\t\t<div class=\"aux-parallax-section elementor-column elementor-col-33 elementor-top-column elementor-element elementor-element-fa01707\" data-id=\"fa01707\" data-element_type=\"column\">\n\t\t\t<div class=\"elementor-column-wrap elementor-element-populated\">\n\t\t\t\t\t\t\t<div class=\"elementor-widget-wrap\">\n\t\t\t\t\t\t<div class=\"elementor-element elementor-element-c0714b6 elementor-widget elementor-widget-heading\" data-id=\"c0714b6\" data-element_type=\"widget\" data-widget_type=\"heading.default\">\n\t\t\t\t<div class=\"elementor-widget-container\">\n\t\t\t<h2 class=\"elementor-heading-title elementor-size-default\">Horario de atenci\u00f3n<\/h2>\t\t<\/div>\n\t\t\t\t<\/div>\n\t\t\t\t\t\t<\/div>\n\t\t\t\t\t<\/div>\n\t\t<\/div>\n\t\t\t\t\t\t\t\t<\/div>\n\t\t\t\t\t<\/div>\n\t\t<\/section>\n\t\t\t\t<section class=\"elementor-section elementor-top-section elementor-element elementor-element-8c94805 elementor-section-boxed elementor-section-height-default elementor-section-height-default\" data-id=\"8c94805\" data-element_type=\"section\">\n\t\t\t\t\t\t<div class=\"elementor-container elementor-column-gap-default\">\n\t\t\t\t\t\t\t<div class=\"elementor-row\">\n\t\t\t\t\t<div class=\"aux-parallax-section elementor-column elementor-col-33 elementor-top-column elementor-element elementor-element-01cf9b6\" data-id=\"01cf9b6\" data-element_type=\"column\">\n\t\t\t<div class=\"elementor-column-wrap elementor-element-populated\">\n\t\t\t\t\t\t\t<div class=\"elementor-widget-wrap\">\n\t\t\t\t\t\t<div class=\"elementor-element elementor-element-daf9013 elementor-widget elementor-widget-image\" data-id=\"daf9013\" data-element_type=\"widget\" data-widget_type=\"image.default\">\n\t\t\t\t<div class=\"elementor-widget-container\">\n\t\t\t\t\t\t\t\t<div class=\"elementor-image\">\n\t\t\t\t\t\t\t\t\t\t\t\t<img width=\"150\" height=\"150\" src=\"https:\/\/acoinpre.com\/wp-content\/uploads\/2023\/01\/telefono-150x150.png\" class=\"attachment-thumbnail size-thumbnail\" alt=\"\" loading=\"lazy\" srcset=\"https:\/\/acoinpre.com\/wp-content\/uploads\/2023\/01\/telefono-150x150.png 150w, https:\/\/acoinpre.com\/wp-content\/uploads\/2023\/01\/telefono-300x300.png 300w, https:\/\/acoinpre.com\/wp-content\/uploads\/2023\/01\/telefono-100x100.png 100w, https:\/\/acoinpre.com\/wp-content\/uploads\/2023\/01\/telefono.png 512w\" sizes=\"(max-width: 150px) 100vw, 150px\" \/>\t\t\t\t\t\t\t\t\t\t\t\t\t\t<\/div>\n\t\t\t\t\t\t<\/div>\n\t\t\t\t<\/div>\n\t\t\t\t\t\t<\/div>\n\t\t\t\t\t<\/div>\n\t\t<\/div>\n\t\t\t\t<div class=\"aux-parallax-section elementor-column elementor-col-33 elementor-top-column elementor-element elementor-element-b05c567\" data-id=\"b05c567\" data-element_type=\"column\">\n\t\t\t<div class=\"elementor-column-wrap elementor-element-populated\">\n\t\t\t\t\t\t\t<div class=\"elementor-widget-wrap\">\n\t\t\t\t\t\t<div class=\"elementor-element elementor-element-7f3a931 elementor-widget elementor-widget-image\" data-id=\"7f3a931\" data-element_type=\"widget\" data-widget_type=\"image.default\">\n\t\t\t\t<div class=\"elementor-widget-container\">\n\t\t\t\t\t\t\t\t<div class=\"elementor-image\">\n\t\t\t\t\t\t\t\t\t\t\t\t<img width=\"150\" height=\"150\" src=\"https:\/\/acoinpre.com\/wp-content\/uploads\/2023\/01\/correo-electronico-150x150.png\" class=\"attachment-thumbnail size-thumbnail\" alt=\"\" loading=\"lazy\" srcset=\"https:\/\/acoinpre.com\/wp-content\/uploads\/2023\/01\/correo-electronico-150x150.png 150w, https:\/\/acoinpre.com\/wp-content\/uploads\/2023\/01\/correo-electronico-300x300.png 300w, https:\/\/acoinpre.com\/wp-content\/uploads\/2023\/01\/correo-electronico-100x100.png 100w, https:\/\/acoinpre.com\/wp-content\/uploads\/2023\/01\/correo-electronico.png 512w\" sizes=\"(max-width: 150px) 100vw, 150px\" \/>\t\t\t\t\t\t\t\t\t\t\t\t\t\t<\/div>\n\t\t\t\t\t\t<\/div>\n\t\t\t\t<\/div>\n\t\t\t\t\t\t<\/div>\n\t\t\t\t\t<\/div>\n\t\t<\/div>\n\t\t\t\t<div class=\"aux-parallax-section elementor-column elementor-col-33 elementor-top-column elementor-element elementor-element-e31af2a\" data-id=\"e31af2a\" data-element_type=\"column\">\n\t\t\t<div class=\"elementor-column-wrap elementor-element-populated\">\n\t\t\t\t\t\t\t<div class=\"elementor-widget-wrap\">\n\t\t\t\t\t\t<div class=\"elementor-element elementor-element-219acdf elementor-widget elementor-widget-image\" data-id=\"219acdf\" data-element_type=\"widget\" data-widget_type=\"image.default\">\n\t\t\t\t<div class=\"elementor-widget-container\">\n\t\t\t\t\t\t\t\t<div class=\"elementor-image\">\n\t\t\t\t\t\t\t\t\t\t\t\t<img width=\"150\" height=\"150\" src=\"https:\/\/acoinpre.com\/wp-content\/uploads\/2023\/01\/reloj-150x150.png\" class=\"attachment-thumbnail size-thumbnail\" alt=\"\" loading=\"lazy\" srcset=\"https:\/\/acoinpre.com\/wp-content\/uploads\/2023\/01\/reloj-150x150.png 150w, https:\/\/acoinpre.com\/wp-content\/uploads\/2023\/01\/reloj-300x300.png 300w, https:\/\/acoinpre.com\/wp-content\/uploads\/2023\/01\/reloj-100x100.png 100w, https:\/\/acoinpre.com\/wp-content\/uploads\/2023\/01\/reloj.png 512w\" sizes=\"(max-width: 150px) 100vw, 150px\" \/>\t\t\t\t\t\t\t\t\t\t\t\t\t\t<\/div>\n\t\t\t\t\t\t<\/div>\n\t\t\t\t<\/div>\n\t\t\t\t\t\t<\/div>\n\t\t\t\t\t<\/div>\n\t\t<\/div>\n\t\t\t\t\t\t\t\t<\/div>\n\t\t\t\t\t<\/div>\n\t\t<\/section>\n\t\t\t\t<section class=\"elementor-section elementor-top-section elementor-element elementor-element-1b44137 elementor-section-boxed elementor-section-height-default elementor-section-height-default\" data-id=\"1b44137\" data-element_type=\"section\">\n\t\t\t\t\t\t<div class=\"elementor-container elementor-column-gap-default\">\n\t\t\t\t\t\t\t<div class=\"elementor-row\">\n\t\t\t\t\t<div class=\"aux-parallax-section elementor-column elementor-col-33 elementor-top-column elementor-element elementor-element-d2bf808\" data-id=\"d2bf808\" data-element_type=\"column\">\n\t\t\t<div class=\"elementor-column-wrap elementor-element-populated\">\n\t\t\t\t\t\t\t<div class=\"elementor-widget-wrap\">\n\t\t\t\t\t\t<div class=\"elementor-element elementor-element-47a60c0 elementor-widget elementor-widget-text-editor\" data-id=\"47a60c0\" data-element_type=\"widget\" data-widget_type=\"text-editor.default\">\n\t\t\t\t<div class=\"elementor-widget-container\">\n\t\t\t\t\t\t\t\t<div class=\"elementor-text-editor elementor-clearfix\">\n\t\t\t\t<p>Puede comunicarse con nosotros al WhatsApp o l\u00ednea telef\u00f3nica <a href=\"https:\/\/api.whatsapp.com\/send?phone=573173348318\">3173348318<\/a><\/p>\t\t\t\t\t<\/div>\n\t\t\t\t\t\t<\/div>\n\t\t\t\t<\/div>\n\t\t\t\t\t\t<\/div>\n\t\t\t\t\t<\/div>\n\t\t<\/div>\n\t\t\t\t<div class=\"aux-parallax-section elementor-column elementor-col-33 elementor-top-column elementor-element elementor-element-c3ee9c1\" data-id=\"c3ee9c1\" data-element_type=\"column\">\n\t\t\t<div class=\"elementor-column-wrap elementor-element-populated\">\n\t\t\t\t\t\t\t<div class=\"elementor-widget-wrap\">\n\t\t\t\t\t\t<div class=\"elementor-element elementor-element-c701602 elementor-widget elementor-widget-text-editor\" data-id=\"c701602\" data-element_type=\"widget\" data-widget_type=\"text-editor.default\">\n\t\t\t\t<div class=\"elementor-widget-container\">\n\t\t\t\t\t\t\t\t<div class=\"elementor-text-editor elementor-clearfix\">\n\t\t\t\t<p style=\"text-align: center;\">Tambi\u00e9n puede contactarse con nosotros por medio del correo <span style=\"color: #ff0000;\"><strong>servicioalcliente@acoinpre.org<\/strong><\/span>. nuestro Servicio de Atenci\u00f3n al Cliente se pondr\u00e1 en contacto con usted<\/p>\t\t\t\t\t<\/div>\n\t\t\t\t\t\t<\/div>\n\t\t\t\t<\/div>\n\t\t\t\t\t\t<\/div>\n\t\t\t\t\t<\/div>\n\t\t<\/div>\n\t\t\t\t<div class=\"aux-parallax-section elementor-column elementor-col-33 elementor-top-column elementor-element elementor-element-d3b1d38\" data-id=\"d3b1d38\" data-element_type=\"column\">\n\t\t\t<div class=\"elementor-column-wrap elementor-element-populated\">\n\t\t\t\t\t\t\t<div class=\"elementor-widget-wrap\">\n\t\t\t\t\t\t<div class=\"elementor-element elementor-element-9cbe9c4 elementor-widget elementor-widget-text-editor\" data-id=\"9cbe9c4\" data-element_type=\"widget\" data-widget_type=\"text-editor.default\">\n\t\t\t\t<div class=\"elementor-widget-container\">\n\t\t\t\t\t\t\t\t<div class=\"elementor-text-editor elementor-clearfix\">\n\t\t\t\t<p style=\"text-align: right;\">Lunes a viernes de 8:00 am a 5:00 pm y s\u00e1bados de 8:00 am a 1:00 pm.<\/p>\t\t\t\t\t<\/div>\n\t\t\t\t\t\t<\/div>\n\t\t\t\t<\/div>\n\t\t\t\t\t\t<\/div>\n\t\t\t\t\t<\/div>\n\t\t<\/div>\n\t\t\t\t\t\t\t\t<\/div>\n\t\t\t\t\t<\/div>\n\t\t<\/section>\n\t\t\t\t\t\t<\/div>\n\t\t\t\t\t\t<\/div>\n\t\t\t\t\t<\/div>\n\t\t","protected":false},"excerpt":{"rendered":"<p>Hable con nosotros Llamada telef\u00f3nica y\/o WhatsApp Correo electr\u00f3nico Horario de atenci\u00f3n Puede comunicarse con nosotros al WhatsApp o l\u00ednea telef\u00f3nica 3173348318 Tambi\u00e9n puede contactarse con nosotros por medio del correo servicioalcliente@acoinpre.org. nuestro Servicio de Atenci\u00f3n al Cliente se pondr\u00e1 en contacto con usted Lunes a viernes de 8:00 am a 5:00 pm y s\u00e1bados [&hellip;]<\/p>\n","protected":false},"author":1,"featured_media":0,"parent":0,"menu_order":0,"comment_status":"closed","ping_status":"closed","template":"","meta":[],"yoast_head":"<!-- This site is optimized with the Yoast SEO plugin v18.2 - https:\/\/yoast.com\/wordpress\/plugins\/seo\/ -->\n<title>HABLE CON NOSOTROS - ACOINPRE.COM<\/title>\n<meta name=\"robots\" content=\"index, follow, max-snippet:-1, max-image-preview:large, max-video-preview:-1\" \/>\n<link rel=\"canonical\" href=\"https:\/\/acoinpre.com\/?page_id=1622\" \/>\n<meta property=\"og:locale\" content=\"es_ES\" \/>\n<meta property=\"og:type\" content=\"article\" \/>\n<meta property=\"og:title\" content=\"HABLE CON NOSOTROS - ACOINPRE.COM\" \/>\n<meta property=\"og:description\" content=\"Hable con nosotros Llamada telef\u00f3nica y\/o WhatsApp Correo electr\u00f3nico Horario de atenci\u00f3n Puede comunicarse con nosotros al WhatsApp o l\u00ednea telef\u00f3nica 3173348318 Tambi\u00e9n puede contactarse con nosotros por medio del correo servicioalcliente@acoinpre.org. nuestro Servicio de Atenci\u00f3n al Cliente se pondr\u00e1 en contacto con usted Lunes a viernes de 8:00 am a 5:00 pm y s\u00e1bados [&hellip;]\" \/>\n<meta property=\"og:url\" content=\"https:\/\/acoinpre.com\/?page_id=1622\" \/>\n<meta property=\"og:site_name\" content=\"ACOINPRE.COM\" \/>\n<meta property=\"article:publisher\" content=\"https:\/\/www.facebook.com\/asociacion.acoinpre\" \/>\n<meta property=\"article:modified_time\" content=\"2023-01-23T20:17:20+00:00\" \/>\n<meta property=\"og:image\" content=\"https:\/\/acoinpre.com\/wp-content\/uploads\/2023\/01\/telefono-150x150.png\" \/>\n<meta name=\"twitter:card\" content=\"summary_large_image\" \/>\n<meta name=\"twitter:label1\" content=\"Tiempo de lectura\" \/>\n\t<meta name=\"twitter:data1\" content=\"1 minuto\" \/>\n<script type=\"application\/ld+json\" class=\"yoast-schema-graph\">{\"@context\":\"https:\/\/schema.org\",\"@graph\":[{\"@type\":\"Organization\",\"@id\":\"https:\/\/acoinpre.com\/#organization\",\"name\":\"Acoinpre\",\"url\":\"https:\/\/acoinpre.com\/\",\"sameAs\":[\"https:\/\/www.facebook.com\/asociacion.acoinpre\",\"https:\/\/www.instagram.com\/acoinpre\/\"],\"logo\":{\"@type\":\"ImageObject\",\"@id\":\"https:\/\/acoinpre.com\/#logo\",\"inLanguage\":\"es\",\"url\":\"https:\/\/acoinpre.com\/wp-content\/uploads\/2022\/02\/cropped-Acoimpre-logo-2-1.png\",\"contentUrl\":\"https:\/\/acoinpre.com\/wp-content\/uploads\/2022\/02\/cropped-Acoimpre-logo-2-1.png\",\"width\":150,\"height\":64,\"caption\":\"Acoinpre\"},\"image\":{\"@id\":\"https:\/\/acoinpre.com\/#logo\"}},{\"@type\":\"WebSite\",\"@id\":\"https:\/\/acoinpre.com\/#website\",\"url\":\"https:\/\/acoinpre.com\/\",\"name\":\"ACOINPRE.COM\",\"description\":\"Competitividad, Innovaci\u00f3n y Productividad Empresarial\",\"publisher\":{\"@id\":\"https:\/\/acoinpre.com\/#organization\"},\"potentialAction\":[{\"@type\":\"SearchAction\",\"target\":{\"@type\":\"EntryPoint\",\"urlTemplate\":\"https:\/\/acoinpre.com\/?s={search_term_string}\"},\"query-input\":\"required name=search_term_string\"}],\"inLanguage\":\"es\"},{\"@type\":\"ImageObject\",\"@id\":\"https:\/\/acoinpre.com\/?page_id=1622#primaryimage\",\"inLanguage\":\"es\",\"url\":\"https:\/\/acoinpre.com\/wp-content\/uploads\/2023\/01\/telefono.png\",\"contentUrl\":\"https:\/\/acoinpre.com\/wp-content\/uploads\/2023\/01\/telefono.png\",\"width\":512,\"height\":512},{\"@type\":\"WebPage\",\"@id\":\"https:\/\/acoinpre.com\/?page_id=1622#webpage\",\"url\":\"https:\/\/acoinpre.com\/?page_id=1622\",\"name\":\"HABLE CON NOSOTROS - ACOINPRE.COM\",\"isPartOf\":{\"@id\":\"https:\/\/acoinpre.com\/#website\"},\"primaryImageOfPage\":{\"@id\":\"https:\/\/acoinpre.com\/?page_id=1622#primaryimage\"},\"datePublished\":\"2023-01-23T20:17:19+00:00\",\"dateModified\":\"2023-01-23T20:17:20+00:00\",\"breadcrumb\":{\"@id\":\"https:\/\/acoinpre.com\/?page_id=1622#breadcrumb\"},\"inLanguage\":\"es\",\"potentialAction\":[{\"@type\":\"ReadAction\",\"target\":[\"https:\/\/acoinpre.com\/?page_id=1622\"]}]},{\"@type\":\"BreadcrumbList\",\"@id\":\"https:\/\/acoinpre.com\/?page_id=1622#breadcrumb\",\"itemListElement\":[{\"@type\":\"ListItem\",\"position\":1,\"name\":\"Home\",\"item\":\"https:\/\/acoinpre.com\/\"},{\"@type\":\"ListItem\",\"position\":2,\"name\":\"HABLE CON NOSOTROS\"}]}]}<\/script>\n<!-- \/ Yoast SEO plugin. -->","yoast_head_json":{"title":"HABLE CON NOSOTROS - ACOINPRE.COM","robots":{"index":"index","follow":"follow","max-snippet":"max-snippet:-1","max-image-preview":"max-image-preview:large","max-video-preview":"max-video-preview:-1"},"canonical":"https:\/\/acoinpre.com\/?page_id=1622","og_locale":"es_ES","og_type":"article","og_title":"HABLE CON NOSOTROS - ACOINPRE.COM","og_description":"Hable con nosotros Llamada telef\u00f3nica y\/o WhatsApp Correo electr\u00f3nico Horario de atenci\u00f3n Puede comunicarse con nosotros al WhatsApp o l\u00ednea telef\u00f3nica 3173348318 Tambi\u00e9n puede contactarse con nosotros por medio del correo servicioalcliente@acoinpre.org. nuestro Servicio de Atenci\u00f3n al Cliente se pondr\u00e1 en contacto con usted Lunes a viernes de 8:00 am a 5:00 pm y s\u00e1bados [&hellip;]","og_url":"https:\/\/acoinpre.com\/?page_id=1622","og_site_name":"ACOINPRE.COM","article_publisher":"https:\/\/www.facebook.com\/asociacion.acoinpre","article_modified_time":"2023-01-23T20:17:20+00:00","og_image":[{"url":"https:\/\/acoinpre.com\/wp-content\/uploads\/2023\/01\/telefono-150x150.png"}],"twitter_card":"summary_large_image","twitter_misc":{"Tiempo de lectura":"1 minuto"},"schema":{"@context":"https:\/\/schema.org","@graph":[{"@type":"Organization","@id":"https:\/\/acoinpre.com\/#organization","name":"Acoinpre","url":"https:\/\/acoinpre.com\/","sameAs":["https:\/\/www.facebook.com\/asociacion.acoinpre","https:\/\/www.instagram.com\/acoinpre\/"],"logo":{"@type":"ImageObject","@id":"https:\/\/acoinpre.com\/#logo","inLanguage":"es","url":"https:\/\/acoinpre.com\/wp-content\/uploads\/2022\/02\/cropped-Acoimpre-logo-2-1.png","contentUrl":"https:\/\/acoinpre.com\/wp-content\/uploads\/2022\/02\/cropped-Acoimpre-logo-2-1.png","width":150,"height":64,"caption":"Acoinpre"},"image":{"@id":"https:\/\/acoinpre.com\/#logo"}},{"@type":"WebSite","@id":"https:\/\/acoinpre.com\/#website","url":"https:\/\/acoinpre.com\/","name":"ACOINPRE.COM","description":"Competitividad, Innovaci\u00f3n y Productividad Empresarial","publisher":{"@id":"https:\/\/acoinpre.com\/#organization"},"potentialAction":[{"@type":"SearchAction","target":{"@type":"EntryPoint","urlTemplate":"https:\/\/acoinpre.com\/?s={search_term_string}"},"query-input":"required name=search_term_string"}],"inLanguage":"es"},{"@type":"ImageObject","@id":"https:\/\/acoinpre.com\/?page_id=1622#primaryimage","inLanguage":"es","url":"https:\/\/acoinpre.com\/wp-content\/uploads\/2023\/01\/telefono.png","contentUrl":"https:\/\/acoinpre.com\/wp-content\/uploads\/2023\/01\/telefono.png","width":512,"height":512},{"@type":"WebPage","@id":"https:\/\/acoinpre.com\/?page_id=1622#webpage","url":"https:\/\/acoinpre.com\/?page_id=1622","name":"HABLE CON NOSOTROS - ACOINPRE.COM","isPartOf":{"@id":"https:\/\/acoinpre.com\/#website"},"primaryImageOfPage":{"@id":"https:\/\/acoinpre.com\/?page_id=1622#primaryimage"},"datePublished":"2023-01-23T20:17:19+00:00","dateModified":"2023-01-23T20:17:20+00:00","breadcrumb":{"@id":"https:\/\/acoinpre.com\/?page_id=1622#breadcrumb"},"inLanguage":"es","potentialAction":[{"@type":"ReadAction","target":["https:\/\/acoinpre.com\/?page_id=1622"]}]},{"@type":"BreadcrumbList","@id":"https:\/\/acoinpre.com\/?page_id=1622#breadcrumb","itemListElement":[{"@type":"ListItem","position":1,"name":"Home","item":"https:\/\/acoinpre.com\/"},{"@type":"ListItem","position":2,"name":"HABLE CON NOSOTROS"}]}]}},"_links":{"self":[{"href":"https:\/\/acoinpre.com\/index.php?rest_route=\/wp\/v2\/pages\/1622"}],"collection":[{"href":"https:\/\/acoinpre.com\/index.php?rest_route=\/wp\/v2\/pages"}],"about":[{"href":"https:\/\/acoinpre.com\/index.php?rest_route=\/wp\/v2\/types\/page"}],"author":[{"embeddable":true,"href":"https:\/\/acoinpre.com\/index.php?rest_route=\/wp\/v2\/users\/1"}],"replies":[{"embeddable":true,"href":"https:\/\/acoinpre.com\/index.php?rest_route=%2Fwp%2Fv2%2Fcomments&post=1622"}],"version-history":[{"count":5,"href":"https:\/\/acoinpre.com\/index.php?rest_route=\/wp\/v2\/pages\/1622\/revisions"}],"predecessor-version":[{"id":1913,"href":"https:\/\/acoinpre.com\/index.php?rest_route=\/wp\/v2\/pages\/1622\/revisions\/1913"}],"wp:attachment":[{"href":"https:\/\/acoinpre.com\/index.php?rest_route=%2Fwp%2Fv2%2Fmedia&parent=1622"}],"curies":[{"name":"wp","href":"https:\/\/api.w.org\/{rel}","templated":true}]}}