{"id":1627,"date":"2022-11-17T22:24:22","date_gmt":"2022-11-17T22:24:22","guid":{"rendered":"https:\/\/acoinpre.com\/?page_id=1627"},"modified":"2022-11-18T01:44:45","modified_gmt":"2022-11-18T01:44:45","slug":"derecho-y-deberes","status":"publish","type":"page","link":"https:\/\/acoinpre.com\/?page_id=1627","title":{"rendered":"DERECHOS Y DEBERES"},"content":{"rendered":"\t\t<div data-elementor-type=\"wp-page\" data-elementor-id=\"1627\" class=\"elementor elementor-1627\" data-elementor-settings=\"[]\">\n\t\t\t\t\t\t<div class=\"elementor-inner\">\n\t\t\t\t\t\t\t<div class=\"elementor-section-wrap\">\n\t\t\t\t\t\t\t<section class=\"elementor-section elementor-top-section elementor-element elementor-element-e5a1557 elementor-section-boxed elementor-section-height-default elementor-section-height-default\" data-id=\"e5a1557\" data-element_type=\"section\">\n\t\t\t\t\t\t<div class=\"elementor-container elementor-column-gap-default\">\n\t\t\t\t\t\t\t<div class=\"elementor-row\">\n\t\t\t\t\t<div class=\"aux-parallax-section elementor-column elementor-col-50 elementor-top-column elementor-element elementor-element-2ff5755\" data-id=\"2ff5755\" data-element_type=\"column\">\n\t\t\t<div class=\"elementor-column-wrap elementor-element-populated\">\n\t\t\t\t\t\t\t<div class=\"elementor-widget-wrap\">\n\t\t\t\t\t\t<div class=\"elementor-element elementor-element-2646233 elementor-widget elementor-widget-heading\" data-id=\"2646233\" data-element_type=\"widget\" data-widget_type=\"heading.default\">\n\t\t\t\t<div class=\"elementor-widget-container\">\n\t\t\t<h2 class=\"elementor-heading-title elementor-size-default\">DERECHOS DEL SOLICITANTE<\/h2>\t\t<\/div>\n\t\t\t\t<\/div>\n\t\t\t\t\t\t<\/div>\n\t\t\t\t\t<\/div>\n\t\t<\/div>\n\t\t\t\t<div class=\"aux-parallax-section elementor-column elementor-col-50 elementor-top-column elementor-element elementor-element-2db63fc\" data-id=\"2db63fc\" data-element_type=\"column\">\n\t\t\t<div class=\"elementor-column-wrap elementor-element-populated\">\n\t\t\t\t\t\t\t<div class=\"elementor-widget-wrap\">\n\t\t\t\t\t\t<div class=\"elementor-element elementor-element-3143f8d elementor-widget elementor-widget-heading\" data-id=\"3143f8d\" data-element_type=\"widget\" data-widget_type=\"heading.default\">\n\t\t\t\t<div class=\"elementor-widget-container\">\n\t\t\t<h2 class=\"elementor-heading-title elementor-size-default\">DEBERES DEL SOLICITANTE<\/h2>\t\t<\/div>\n\t\t\t\t<\/div>\n\t\t\t\t\t\t<\/div>\n\t\t\t\t\t<\/div>\n\t\t<\/div>\n\t\t\t\t\t\t\t\t<\/div>\n\t\t\t\t\t<\/div>\n\t\t<\/section>\n\t\t\t\t<section class=\"elementor-section elementor-top-section elementor-element elementor-element-30fbaaf elementor-section-boxed elementor-section-height-default elementor-section-height-default\" data-id=\"30fbaaf\" data-element_type=\"section\">\n\t\t\t\t\t\t<div class=\"elementor-container elementor-column-gap-default\">\n\t\t\t\t\t\t\t<div class=\"elementor-row\">\n\t\t\t\t\t<div class=\"aux-parallax-section elementor-column elementor-col-50 elementor-top-column elementor-element elementor-element-ece19f4\" data-id=\"ece19f4\" data-element_type=\"column\">\n\t\t\t<div class=\"elementor-column-wrap elementor-element-populated\">\n\t\t\t\t\t\t\t<div class=\"elementor-widget-wrap\">\n\t\t\t\t\t\t<div class=\"elementor-element elementor-element-d3d4b68 elementor-widget elementor-widget-text-editor\" data-id=\"d3d4b68\" data-element_type=\"widget\" data-widget_type=\"text-editor.default\">\n\t\t\t\t<div class=\"elementor-widget-container\">\n\t\t\t\t\t\t\t\t<div class=\"elementor-text-editor elementor-clearfix\">\n\t\t\t\t<ul><li><span style=\"font-weight: 400;\">Todo aspirante tiene el derecho a ser admitido al proceso de evaluaci\u00f3n, sin recibir un trato discriminatorio sin exclusiones, siempre y cuando el aspirante cumpla con los requisitos, para poder aplicar al proceso de certificaci\u00f3n.<\/span><\/li><li><span style=\"font-weight: 400;\">Toda persona tiene el derecho de conocer todo el esquema de certificaci\u00f3n previo a la aplicaci\u00f3n del mismo, como es el alcance del esquema de certificaci\u00f3n, tarifas, derechos, deberes y dem\u00e1s informaci\u00f3n que se considere relevante para el aspirante.<\/span><\/li><li><span style=\"font-weight: 400;\">Todo candidato tiene el derecho a conocer el estado del proceso de su certificaci\u00f3n.<\/span><\/li><li><span style=\"font-weight: 400;\">Todo el personal de <\/span><b>ACOINPRE<\/b><span style=\"font-weight: 400;\">, que participa directa o indirectamente en el proceso de certificaci\u00f3n est\u00e1 en la obligaci\u00f3n de ofrecer a todos los usuarios un trato imparcial, objetivo y Respetuoso durante todo el esquema de certificaci\u00f3n.<\/span><\/li><li><b>ACOINPRE<\/b><span style=\"font-weight: 400;\">, es responsable de garantizar la confidencialidad de los datos de los aspirantes o candidatos y usuarios certificados.<\/span><\/li><li><span style=\"font-weight: 400;\">El aspirante tiene el derecho de finalizar y conocer el resultado del proceso de evaluaci\u00f3n y certificaci\u00f3n, as\u00ed mismo a manifestar sus quejas, reclamos y apelaciones sobre la aplicaci\u00f3n del esquema de certificaci\u00f3n y resultados obtenidos en las evaluaciones.<\/span><\/li><li><span style=\"font-weight: 400;\">En caso de presentarse alg\u00fan conflicto de inter\u00e9s <\/span><b>ACOINPRE<\/b><span style=\"font-weight: 400;\">, tiene la obligaci\u00f3n de tomar las medidas y realizar las actividades pertinentes para salvaguardar la objetividad del proceso de certificaci\u00f3n.<\/span><\/li><li><span style=\"font-weight: 400;\">La validez del certificado de competencias laborales, ser\u00e1 en todo el <\/span><span style=\"font-weight: 400;\">territorio nacional.<\/span><\/li><\/ul>\t\t\t\t\t<\/div>\n\t\t\t\t\t\t<\/div>\n\t\t\t\t<\/div>\n\t\t\t\t\t\t<\/div>\n\t\t\t\t\t<\/div>\n\t\t<\/div>\n\t\t\t\t<div class=\"aux-parallax-section elementor-column elementor-col-50 elementor-top-column elementor-element elementor-element-e946ac6\" data-id=\"e946ac6\" data-element_type=\"column\">\n\t\t\t<div class=\"elementor-column-wrap elementor-element-populated\">\n\t\t\t\t\t\t\t<div class=\"elementor-widget-wrap\">\n\t\t\t\t\t\t<div class=\"elementor-element elementor-element-ae77e12 elementor-widget elementor-widget-text-editor\" data-id=\"ae77e12\" data-element_type=\"widget\" data-widget_type=\"text-editor.default\">\n\t\t\t\t<div class=\"elementor-widget-container\">\n\t\t\t\t\t\t\t\t<div class=\"elementor-text-editor elementor-clearfix\">\n\t\t\t\t<ul><li><span style=\"font-weight: 400;\">Es deber todo aspirante diligenciar personalmente el formato de solicitud como aspirante para la certificaci\u00f3n.<\/span><\/li><li><span style=\"font-weight: 400;\">Es deber de todo candidato cumplir con las disposiciones que <\/span><b>ACOINPRE<\/b><span style=\"font-weight: 400;\">, ha dispuesto para salvaguardar el principio de imparcialidad y tomar las medidas necesarias para evitar casos de conflictos de intereses.<\/span><\/li><li><span style=\"font-weight: 400;\">El candidato no debe aplicar las pruebas bajo el efecto de sustancias alucin\u00f3genas, bebidas embriagantes y adem\u00e1s, que puedan afectar el desempe\u00f1o en las evaluaciones.<\/span><\/li><li><span style=\"font-weight: 400;\">El idioma en que se aplicar\u00e1 la totalidad del esquema de certificaci\u00f3n es en espa\u00f1ol, si alguna persona aspirante no domina el idioma o presenta alg\u00fan otro impedimento, deber\u00e1 informar con antelaci\u00f3n al organismo de certificaci\u00f3n.<\/span><\/li><li><span style=\"font-weight: 400;\">Cumplir con los prerrequisitos establecidos por <\/span><b>ACOINPRE<\/b><span style=\"font-weight: 400;\">.<\/span><\/li><li><span style=\"font-weight: 400;\">Informar si tiene alg\u00fan v\u00ednculo ya sea de tipo familiar, laboral o amistad con un examinador, para no comprometer la imparcialidad de <\/span><b>ACOINPRE<\/b><span style=\"font-weight: 400;\">.<\/span><\/li><li><span style=\"font-weight: 400;\">Mantener actualizados los datos personales, e informar en caso que estos cambien.<\/span><\/li><\/ul>\t\t\t\t\t<\/div>\n\t\t\t\t\t\t<\/div>\n\t\t\t\t<\/div>\n\t\t\t\t\t\t<\/div>\n\t\t\t\t\t<\/div>\n\t\t<\/div>\n\t\t\t\t\t\t\t\t<\/div>\n\t\t\t\t\t<\/div>\n\t\t<\/section>\n\t\t\t\t<section class=\"elementor-section elementor-top-section elementor-element elementor-element-2f108c4 elementor-section-boxed elementor-section-height-default elementor-section-height-default\" data-id=\"2f108c4\" data-element_type=\"section\">\n\t\t\t\t\t\t<div class=\"elementor-container elementor-column-gap-default\">\n\t\t\t\t\t\t\t<div class=\"elementor-row\">\n\t\t\t\t\t<div class=\"aux-parallax-section elementor-column elementor-col-100 elementor-top-column elementor-element elementor-element-99b65b3\" data-id=\"99b65b3\" data-element_type=\"column\">\n\t\t\t<div class=\"elementor-column-wrap elementor-element-populated\">\n\t\t\t\t\t\t\t<div class=\"elementor-widget-wrap\">\n\t\t\t\t\t\t<div class=\"elementor-element elementor-element-6c85b0a elementor-widget elementor-widget-heading\" data-id=\"6c85b0a\" data-element_type=\"widget\" data-widget_type=\"heading.default\">\n\t\t\t\t<div class=\"elementor-widget-container\">\n\t\t\t<h2 class=\"elementor-heading-title elementor-size-default\"><br>DERECHOS DE LA PERSONA CERTIFICADA<\/h2>\t\t<\/div>\n\t\t\t\t<\/div>\n\t\t\t\t\t\t<\/div>\n\t\t\t\t\t<\/div>\n\t\t<\/div>\n\t\t\t\t\t\t\t\t<\/div>\n\t\t\t\t\t<\/div>\n\t\t<\/section>\n\t\t\t\t<section class=\"elementor-section elementor-top-section elementor-element elementor-element-924ebad elementor-section-boxed elementor-section-height-default elementor-section-height-default\" data-id=\"924ebad\" data-element_type=\"section\">\n\t\t\t\t\t\t<div class=\"elementor-container elementor-column-gap-default\">\n\t\t\t\t\t\t\t<div class=\"elementor-row\">\n\t\t\t\t\t<div class=\"aux-parallax-section elementor-column elementor-col-100 elementor-top-column elementor-element elementor-element-87b370e\" data-id=\"87b370e\" data-element_type=\"column\">\n\t\t\t<div class=\"elementor-column-wrap elementor-element-populated\">\n\t\t\t\t\t\t\t<div class=\"elementor-widget-wrap\">\n\t\t\t\t\t\t<div class=\"elementor-element elementor-element-30753a7 elementor-widget elementor-widget-text-editor\" data-id=\"30753a7\" data-element_type=\"widget\" data-widget_type=\"text-editor.default\">\n\t\t\t\t<div class=\"elementor-widget-container\">\n\t\t\t\t\t\t\t\t<div class=\"elementor-text-editor elementor-clearfix\">\n\t\t\t\t<ul><li><span style=\"font-weight: 400;\">Tener acceso a la informaci\u00f3n pertinente de la certificaci\u00f3n.<\/span><\/li><li><span style=\"font-weight: 400;\">Ser informado de los cambios relacionados con la legislaci\u00f3n vigente propia de la competencia certificada.<\/span><\/li><li><span style=\"font-weight: 400;\">Exigir al organismo de certificaci\u00f3n, de manera oportuna la documentaci\u00f3n que lo acredite como persona certificada.<\/span><\/li><li><span style=\"font-weight: 400;\">A la privacidad y al manejo confidencial de la informaci\u00f3n.<\/span><\/li><li><span style=\"font-weight: 400;\">A recibir un trato personalizado digno, humano y \u00e9tico.<\/span><\/li><li><span style=\"font-weight: 400;\">Hacer uso del logotipo ACOINPRE de certificaci\u00f3n o referencia a la condici\u00f3n de certificado conforme se estipula en el presente documento y hacer constar su certificaci\u00f3n en los actos de su vida laboral.<\/span><\/li><li><span style=\"font-weight: 400;\">Que toda la informaci\u00f3n que proporcione a ACOINPRE, salvo declaraci\u00f3n expresa en contrario en las reglas publicadas por esta, sea tratada como confidencial.<\/span><\/li><li><span style=\"font-weight: 400;\">Conocer los informes de las evaluaciones que se le realicen. Si el informe sobre los resultados de la evaluaci\u00f3n difiere de los resultados entregados al cierre de la evaluaci\u00f3n, ACOINPRE debe proporcionar por escrito una explicaci\u00f3n a la persona solicitante.<\/span><\/li><li><span style=\"font-weight: 400;\">Solicitar a ACOINPRE suspensi\u00f3n total o parcial del alcance certificado o el retiro de la certificaci\u00f3n, y que se informe que la suspensi\u00f3n o el retiro fue de forma voluntaria, si se cumplen los requisitos para ello.<\/span><\/li><li><span style=\"font-weight: 400;\">Apelar de forma sustentada las decisiones adoptadas por ACOINPRE, seg\u00fan lo establecido en este documento.<\/span><\/li><\/ul>\t\t\t\t\t<\/div>\n\t\t\t\t\t\t<\/div>\n\t\t\t\t<\/div>\n\t\t\t\t\t\t<\/div>\n\t\t\t\t\t<\/div>\n\t\t<\/div>\n\t\t\t\t\t\t\t\t<\/div>\n\t\t\t\t\t<\/div>\n\t\t<\/section>\n\t\t\t\t<section class=\"elementor-section elementor-top-section elementor-element elementor-element-aa0aadb elementor-section-boxed elementor-section-height-default elementor-section-height-default\" data-id=\"aa0aadb\" data-element_type=\"section\">\n\t\t\t\t\t\t<div class=\"elementor-container elementor-column-gap-default\">\n\t\t\t\t\t\t\t<div class=\"elementor-row\">\n\t\t\t\t\t<div class=\"aux-parallax-section elementor-column elementor-col-100 elementor-top-column elementor-element elementor-element-a6f1ff2\" data-id=\"a6f1ff2\" data-element_type=\"column\">\n\t\t\t<div class=\"elementor-column-wrap elementor-element-populated\">\n\t\t\t\t\t\t\t<div class=\"elementor-widget-wrap\">\n\t\t\t\t\t\t<div class=\"elementor-element elementor-element-61fa2d4 elementor-widget elementor-widget-heading\" data-id=\"61fa2d4\" data-element_type=\"widget\" data-widget_type=\"heading.default\">\n\t\t\t\t<div class=\"elementor-widget-container\">\n\t\t\t<h2 class=\"elementor-heading-title elementor-size-default\"><br>DEBERES DE LA PERSONA CERTIFICADA<\/h2>\t\t<\/div>\n\t\t\t\t<\/div>\n\t\t\t\t\t\t<\/div>\n\t\t\t\t\t<\/div>\n\t\t<\/div>\n\t\t\t\t\t\t\t\t<\/div>\n\t\t\t\t\t<\/div>\n\t\t<\/section>\n\t\t\t\t<section class=\"elementor-section elementor-top-section elementor-element elementor-element-d8354c9 elementor-section-boxed elementor-section-height-default elementor-section-height-default\" data-id=\"d8354c9\" data-element_type=\"section\">\n\t\t\t\t\t\t<div class=\"elementor-container elementor-column-gap-default\">\n\t\t\t\t\t\t\t<div class=\"elementor-row\">\n\t\t\t\t\t<div class=\"aux-parallax-section elementor-column elementor-col-100 elementor-top-column elementor-element elementor-element-33b0024\" data-id=\"33b0024\" data-element_type=\"column\">\n\t\t\t<div class=\"elementor-column-wrap elementor-element-populated\">\n\t\t\t\t\t\t\t<div class=\"elementor-widget-wrap\">\n\t\t\t\t\t\t<div class=\"elementor-element elementor-element-f6eb0f0 elementor-widget elementor-widget-text-editor\" data-id=\"f6eb0f0\" data-element_type=\"widget\" data-widget_type=\"text-editor.default\">\n\t\t\t\t<div class=\"elementor-widget-container\">\n\t\t\t\t\t\t\t\t<div class=\"elementor-text-editor elementor-clearfix\">\n\t\t\t\t<ul><li><span style=\"font-weight: 400;\">Las personas certificadas guardar\u00e1n confidencialidad y reserva respecto a la metodolog\u00eda del proceso de certificaci\u00f3n.<\/span><\/li><li><span style=\"font-weight: 400;\">Es deber de la persona certificada o en proceso de evaluaci\u00f3n no utilizar la certificaci\u00f3n ni la informaci\u00f3n confidencial de <\/span><b>ACOINPRE<\/b><span style=\"font-weight: 400;\">, para desprestigiar su buen nombre, ni tampoco aquella que pueda considerarse enga\u00f1osa o no autorizada.<\/span><\/li><li><span style=\"font-weight: 400;\">En caso de ser suspendida o retirada la certificaci\u00f3n se compromete a no seguir empleando copias o declaraci\u00f3n alguna relacionada con la certificaci\u00f3n.<\/span><\/li><li><span style=\"font-weight: 400;\">Toda persona certificada debe informar de cualquier cambio en las condiciones de su certificaci\u00f3n, que afecten de manera dr\u00e1stica el estado f\u00edsico bajo el cual fue certificado, tales como accidentes que limiten su capacidad auditiva, visual, motriz o ps\u00edquica.<\/span><\/li><li><span style=\"font-weight: 400;\">Es deber de la persona certificada no utilizar el certificado de forma enga\u00f1osa.<\/span><\/li><li><span style=\"font-weight: 400;\">Mantener vigente el certificado de competencia laboral para realizar labores propias a la certificaci\u00f3n. Cumplir con el manual de \u00e9tica y buen gobierno de <\/span><b>ACOINPRE<\/b><span style=\"font-weight: 400;\">.<\/span><\/li><li><span style=\"font-weight: 400;\">Cumplir cabalmente con los criterios de certificaci\u00f3n aplicables en las actividades cubiertas en el alcance de la certificaci\u00f3n otorgada.<\/span><\/li><li><span style=\"font-weight: 400;\">Suministrar oportunamente la informaci\u00f3n y documentaci\u00f3n solicitada por ACOINPRE para el mantenimiento de la certificaci\u00f3n conforme con los requerimientos de cada esquema.<\/span><\/li><li><span style=\"font-weight: 400;\">Declarar que se est\u00e1 certificado \u00fanicamente para las actividades del alcance descrito espec\u00edficamente en el certificado de conformidad.<\/span><\/li><li><span style=\"font-weight: 400;\">Utilizar el certificado de acuerdo con el presente documento, como medio para aumentar la confianza general en las actividades de evaluaci\u00f3n de la conformidad. La persona certificada se abstendr\u00e1 de realizar cualquier actividad que pueda da\u00f1ar la reputaci\u00f3n de la certificaci\u00f3n o de ACOINPRE.<\/span><\/li><li><span style=\"font-weight: 400;\">Informar del alcance exacto de su certificaci\u00f3n, excluyendo cualquier referencia a las actividades suspendidas o retiradas.<\/span><\/li><li><span style=\"font-weight: 400;\">Pagar los costos correspondientes a las actividades de otorgamiento y mantenimiento de la certificaci\u00f3n, dentro de los t\u00e9rminos previstos en las cuentas de cobro emitidas por ACOINPRE.<\/span><\/li><li><span style=\"font-weight: 400;\">Cumplir en todo momento con todos los requisitos contractuales, legales y reglamentarios que se hayan establecido, en su caso, para desarrollar la actividad certificada seg\u00fan el alcance de cada esquema.<\/span><\/li><li><span style=\"font-weight: 400;\">Colaborar en las investigaciones y en la resoluci\u00f3n de las quejas que interpongan en su contra con relaci\u00f3n a su comportamiento vinculado de cualquier forma a la certificaci\u00f3n otorgada por ACOINPRE.<\/span><\/li><\/ul>\t\t\t\t\t<\/div>\n\t\t\t\t\t\t<\/div>\n\t\t\t\t<\/div>\n\t\t\t\t\t\t<\/div>\n\t\t\t\t\t<\/div>\n\t\t<\/div>\n\t\t\t\t\t\t\t\t<\/div>\n\t\t\t\t\t<\/div>\n\t\t<\/section>\n\t\t\t\t\t\t<\/div>\n\t\t\t\t\t\t<\/div>\n\t\t\t\t\t<\/div>\n\t\t","protected":false},"excerpt":{"rendered":"<p>DERECHOS DEL SOLICITANTE DEBERES DEL SOLICITANTE Todo aspirante tiene el derecho a ser admitido al proceso de evaluaci\u00f3n, sin recibir un trato discriminatorio sin exclusiones, siempre y cuando el aspirante cumpla con los requisitos, para poder aplicar al proceso de certificaci\u00f3n. Toda persona tiene el derecho de conocer todo el esquema de certificaci\u00f3n previo a [&hellip;]<\/p>\n","protected":false},"author":1,"featured_media":0,"parent":0,"menu_order":0,"comment_status":"closed","ping_status":"closed","template":"","meta":[],"yoast_head":"<!-- This site is optimized with the Yoast SEO plugin v18.2 - https:\/\/yoast.com\/wordpress\/plugins\/seo\/ -->\n<title>DERECHOS Y DEBERES - ACOINPRE.COM<\/title>\n<meta name=\"robots\" content=\"index, follow, max-snippet:-1, max-image-preview:large, max-video-preview:-1\" \/>\n<link rel=\"canonical\" href=\"https:\/\/acoinpre.com\/?page_id=1627\" \/>\n<meta property=\"og:locale\" content=\"es_ES\" \/>\n<meta property=\"og:type\" content=\"article\" \/>\n<meta property=\"og:title\" content=\"DERECHOS Y DEBERES - ACOINPRE.COM\" \/>\n<meta property=\"og:description\" content=\"DERECHOS DEL SOLICITANTE DEBERES DEL SOLICITANTE Todo aspirante tiene el derecho a ser admitido al proceso de evaluaci\u00f3n, sin recibir un trato discriminatorio sin exclusiones, siempre y cuando el aspirante cumpla con los requisitos, para poder aplicar al proceso de certificaci\u00f3n. Toda persona tiene el derecho de conocer todo el esquema de certificaci\u00f3n previo a [&hellip;]\" \/>\n<meta property=\"og:url\" content=\"https:\/\/acoinpre.com\/?page_id=1627\" \/>\n<meta property=\"og:site_name\" content=\"ACOINPRE.COM\" \/>\n<meta property=\"article:publisher\" content=\"https:\/\/www.facebook.com\/asociacion.acoinpre\" \/>\n<meta property=\"article:modified_time\" content=\"2022-11-18T01:44:45+00:00\" \/>\n<meta name=\"twitter:card\" content=\"summary_large_image\" \/>\n<meta name=\"twitter:label1\" content=\"Tiempo de lectura\" \/>\n\t<meta name=\"twitter:data1\" content=\"5 minutos\" \/>\n<script type=\"application\/ld+json\" class=\"yoast-schema-graph\">{\"@context\":\"https:\/\/schema.org\",\"@graph\":[{\"@type\":\"Organization\",\"@id\":\"https:\/\/acoinpre.com\/#organization\",\"name\":\"Acoinpre\",\"url\":\"https:\/\/acoinpre.com\/\",\"sameAs\":[\"https:\/\/www.facebook.com\/asociacion.acoinpre\",\"https:\/\/www.instagram.com\/acoinpre\/\"],\"logo\":{\"@type\":\"ImageObject\",\"@id\":\"https:\/\/acoinpre.com\/#logo\",\"inLanguage\":\"es\",\"url\":\"https:\/\/acoinpre.com\/wp-content\/uploads\/2022\/02\/cropped-Acoimpre-logo-2-1.png\",\"contentUrl\":\"https:\/\/acoinpre.com\/wp-content\/uploads\/2022\/02\/cropped-Acoimpre-logo-2-1.png\",\"width\":150,\"height\":64,\"caption\":\"Acoinpre\"},\"image\":{\"@id\":\"https:\/\/acoinpre.com\/#logo\"}},{\"@type\":\"WebSite\",\"@id\":\"https:\/\/acoinpre.com\/#website\",\"url\":\"https:\/\/acoinpre.com\/\",\"name\":\"ACOINPRE.COM\",\"description\":\"Competitividad, Innovaci\u00f3n y Productividad Empresarial\",\"publisher\":{\"@id\":\"https:\/\/acoinpre.com\/#organization\"},\"potentialAction\":[{\"@type\":\"SearchAction\",\"target\":{\"@type\":\"EntryPoint\",\"urlTemplate\":\"https:\/\/acoinpre.com\/?s={search_term_string}\"},\"query-input\":\"required name=search_term_string\"}],\"inLanguage\":\"es\"},{\"@type\":\"WebPage\",\"@id\":\"https:\/\/acoinpre.com\/?page_id=1627#webpage\",\"url\":\"https:\/\/acoinpre.com\/?page_id=1627\",\"name\":\"DERECHOS Y DEBERES - ACOINPRE.COM\",\"isPartOf\":{\"@id\":\"https:\/\/acoinpre.com\/#website\"},\"datePublished\":\"2022-11-17T22:24:22+00:00\",\"dateModified\":\"2022-11-18T01:44:45+00:00\",\"breadcrumb\":{\"@id\":\"https:\/\/acoinpre.com\/?page_id=1627#breadcrumb\"},\"inLanguage\":\"es\",\"potentialAction\":[{\"@type\":\"ReadAction\",\"target\":[\"https:\/\/acoinpre.com\/?page_id=1627\"]}]},{\"@type\":\"BreadcrumbList\",\"@id\":\"https:\/\/acoinpre.com\/?page_id=1627#breadcrumb\",\"itemListElement\":[{\"@type\":\"ListItem\",\"position\":1,\"name\":\"Home\",\"item\":\"https:\/\/acoinpre.com\/\"},{\"@type\":\"ListItem\",\"position\":2,\"name\":\"DERECHOS Y DEBERES\"}]}]}<\/script>\n<!-- \/ Yoast SEO plugin. -->","yoast_head_json":{"title":"DERECHOS Y DEBERES - ACOINPRE.COM","robots":{"index":"index","follow":"follow","max-snippet":"max-snippet:-1","max-image-preview":"max-image-preview:large","max-video-preview":"max-video-preview:-1"},"canonical":"https:\/\/acoinpre.com\/?page_id=1627","og_locale":"es_ES","og_type":"article","og_title":"DERECHOS Y DEBERES - ACOINPRE.COM","og_description":"DERECHOS DEL SOLICITANTE DEBERES DEL SOLICITANTE Todo aspirante tiene el derecho a ser admitido al proceso de evaluaci\u00f3n, sin recibir un trato discriminatorio sin exclusiones, siempre y cuando el aspirante cumpla con los requisitos, para poder aplicar al proceso de certificaci\u00f3n. Toda persona tiene el derecho de conocer todo el esquema de certificaci\u00f3n previo a [&hellip;]","og_url":"https:\/\/acoinpre.com\/?page_id=1627","og_site_name":"ACOINPRE.COM","article_publisher":"https:\/\/www.facebook.com\/asociacion.acoinpre","article_modified_time":"2022-11-18T01:44:45+00:00","twitter_card":"summary_large_image","twitter_misc":{"Tiempo de lectura":"5 minutos"},"schema":{"@context":"https:\/\/schema.org","@graph":[{"@type":"Organization","@id":"https:\/\/acoinpre.com\/#organization","name":"Acoinpre","url":"https:\/\/acoinpre.com\/","sameAs":["https:\/\/www.facebook.com\/asociacion.acoinpre","https:\/\/www.instagram.com\/acoinpre\/"],"logo":{"@type":"ImageObject","@id":"https:\/\/acoinpre.com\/#logo","inLanguage":"es","url":"https:\/\/acoinpre.com\/wp-content\/uploads\/2022\/02\/cropped-Acoimpre-logo-2-1.png","contentUrl":"https:\/\/acoinpre.com\/wp-content\/uploads\/2022\/02\/cropped-Acoimpre-logo-2-1.png","width":150,"height":64,"caption":"Acoinpre"},"image":{"@id":"https:\/\/acoinpre.com\/#logo"}},{"@type":"WebSite","@id":"https:\/\/acoinpre.com\/#website","url":"https:\/\/acoinpre.com\/","name":"ACOINPRE.COM","description":"Competitividad, Innovaci\u00f3n y Productividad Empresarial","publisher":{"@id":"https:\/\/acoinpre.com\/#organization"},"potentialAction":[{"@type":"SearchAction","target":{"@type":"EntryPoint","urlTemplate":"https:\/\/acoinpre.com\/?s={search_term_string}"},"query-input":"required name=search_term_string"}],"inLanguage":"es"},{"@type":"WebPage","@id":"https:\/\/acoinpre.com\/?page_id=1627#webpage","url":"https:\/\/acoinpre.com\/?page_id=1627","name":"DERECHOS Y DEBERES - ACOINPRE.COM","isPartOf":{"@id":"https:\/\/acoinpre.com\/#website"},"datePublished":"2022-11-17T22:24:22+00:00","dateModified":"2022-11-18T01:44:45+00:00","breadcrumb":{"@id":"https:\/\/acoinpre.com\/?page_id=1627#breadcrumb"},"inLanguage":"es","potentialAction":[{"@type":"ReadAction","target":["https:\/\/acoinpre.com\/?page_id=1627"]}]},{"@type":"BreadcrumbList","@id":"https:\/\/acoinpre.com\/?page_id=1627#breadcrumb","itemListElement":[{"@type":"ListItem","position":1,"name":"Home","item":"https:\/\/acoinpre.com\/"},{"@type":"ListItem","position":2,"name":"DERECHOS Y DEBERES"}]}]}},"_links":{"self":[{"href":"https:\/\/acoinpre.com\/index.php?rest_route=\/wp\/v2\/pages\/1627"}],"collection":[{"href":"https:\/\/acoinpre.com\/index.php?rest_route=\/wp\/v2\/pages"}],"about":[{"href":"https:\/\/acoinpre.com\/index.php?rest_route=\/wp\/v2\/types\/page"}],"author":[{"embeddable":true,"href":"https:\/\/acoinpre.com\/index.php?rest_route=\/wp\/v2\/users\/1"}],"replies":[{"embeddable":true,"href":"https:\/\/acoinpre.com\/index.php?rest_route=%2Fwp%2Fv2%2Fcomments&post=1627"}],"version-history":[{"count":6,"href":"https:\/\/acoinpre.com\/index.php?rest_route=\/wp\/v2\/pages\/1627\/revisions"}],"predecessor-version":[{"id":1705,"href":"https:\/\/acoinpre.com\/index.php?rest_route=\/wp\/v2\/pages\/1627\/revisions\/1705"}],"wp:attachment":[{"href":"https:\/\/acoinpre.com\/index.php?rest_route=%2Fwp%2Fv2%2Fmedia&parent=1627"}],"curies":[{"name":"wp","href":"https:\/\/api.w.org\/{rel}","templated":true}]}}