{"id":628,"date":"2021-04-28T14:31:38","date_gmt":"2021-04-28T14:31:38","guid":{"rendered":"https:\/\/acoinpre.com\/?page_id=628"},"modified":"2022-11-18T04:44:03","modified_gmt":"2022-11-18T04:44:03","slug":"elementor-628","status":"publish","type":"page","link":"https:\/\/acoinpre.com\/?page_id=628","title":{"rendered":"CERTIFICACI\u00d3N"},"content":{"rendered":"\t\t<div data-elementor-type=\"wp-page\" data-elementor-id=\"628\" class=\"elementor elementor-628\" data-elementor-settings=\"[]\">\n\t\t\t\t\t\t<div class=\"elementor-inner\">\n\t\t\t\t\t\t\t<div class=\"elementor-section-wrap\">\n\t\t\t\t\t\t\t<section class=\"elementor-section elementor-top-section elementor-element elementor-element-8b21204 elementor-section-boxed elementor-section-height-default elementor-section-height-default\" data-id=\"8b21204\" data-element_type=\"section\">\n\t\t\t\t\t\t<div class=\"elementor-container elementor-column-gap-default\">\n\t\t\t\t\t\t\t<div class=\"elementor-row\">\n\t\t\t\t\t<div class=\"aux-parallax-section elementor-column elementor-col-33 elementor-top-column elementor-element elementor-element-2fb4f19\" data-id=\"2fb4f19\" data-element_type=\"column\">\n\t\t\t<div class=\"elementor-column-wrap elementor-element-populated\">\n\t\t\t\t\t\t\t<div class=\"elementor-widget-wrap\">\n\t\t\t\t\t\t<div class=\"elementor-element elementor-element-788ee4e elementor-widget elementor-widget-heading\" data-id=\"788ee4e\" data-element_type=\"widget\" data-widget_type=\"heading.default\">\n\t\t\t\t<div class=\"elementor-widget-container\">\n\t\t\t<h2 class=\"elementor-heading-title elementor-size-xl\">\u00bfQU\u00c9 ES UNA COMPETENCIA LABORAL?<\/h2>\t\t<\/div>\n\t\t\t\t<\/div>\n\t\t\t\t<div class=\"elementor-element elementor-element-4975c59 elementor-widget elementor-widget-image\" data-id=\"4975c59\" data-element_type=\"widget\" data-widget_type=\"image.default\">\n\t\t\t\t<div class=\"elementor-widget-container\">\n\t\t\t\t\t\t\t\t<div class=\"elementor-image\">\n\t\t\t\t\t\t\t\t\t\t\t\t<img width=\"1024\" height=\"1024\" src=\"https:\/\/acoinpre.com\/wp-content\/uploads\/2022\/06\/pexels-olia-danilevich-8145352-1024x1024.jpg\" class=\"attachment-large size-large\" alt=\"\" loading=\"lazy\" srcset=\"https:\/\/acoinpre.com\/wp-content\/uploads\/2022\/06\/pexels-olia-danilevich-8145352-1024x1024.jpg 1024w, https:\/\/acoinpre.com\/wp-content\/uploads\/2022\/06\/pexels-olia-danilevich-8145352-300x300.jpg 300w, https:\/\/acoinpre.com\/wp-content\/uploads\/2022\/06\/pexels-olia-danilevich-8145352-150x150.jpg 150w, https:\/\/acoinpre.com\/wp-content\/uploads\/2022\/06\/pexels-olia-danilevich-8145352-768x768.jpg 768w, https:\/\/acoinpre.com\/wp-content\/uploads\/2022\/06\/pexels-olia-danilevich-8145352-100x100.jpg 100w\" sizes=\"(max-width: 1024px) 100vw, 1024px\" \/>\t\t\t\t\t\t\t\t\t\t\t\t\t\t<\/div>\n\t\t\t\t\t\t<\/div>\n\t\t\t\t<\/div>\n\t\t\t\t\t\t<\/div>\n\t\t\t\t\t<\/div>\n\t\t<\/div>\n\t\t\t\t<div class=\"aux-parallax-section elementor-column elementor-col-33 elementor-top-column elementor-element elementor-element-517f0de\" data-id=\"517f0de\" data-element_type=\"column\">\n\t\t\t<div class=\"elementor-column-wrap elementor-element-populated\">\n\t\t\t\t\t\t\t<div class=\"elementor-widget-wrap\">\n\t\t\t\t\t\t<div class=\"elementor-element elementor-element-179355b elementor-widget elementor-widget-image\" data-id=\"179355b\" data-element_type=\"widget\" data-widget_type=\"image.default\">\n\t\t\t\t<div class=\"elementor-widget-container\">\n\t\t\t\t\t\t\t\t<div class=\"elementor-image\">\n\t\t\t\t\t\t\t\t\t\t\t\t<img width=\"1024\" height=\"1024\" src=\"https:\/\/acoinpre.com\/wp-content\/uploads\/2022\/06\/pexels-olia-danilevich-8145264-1024x1024.jpg\" class=\"attachment-large size-large\" alt=\"\" loading=\"lazy\" srcset=\"https:\/\/acoinpre.com\/wp-content\/uploads\/2022\/06\/pexels-olia-danilevich-8145264-1024x1024.jpg 1024w, https:\/\/acoinpre.com\/wp-content\/uploads\/2022\/06\/pexels-olia-danilevich-8145264-300x300.jpg 300w, https:\/\/acoinpre.com\/wp-content\/uploads\/2022\/06\/pexels-olia-danilevich-8145264-150x150.jpg 150w, https:\/\/acoinpre.com\/wp-content\/uploads\/2022\/06\/pexels-olia-danilevich-8145264-768x768.jpg 768w, https:\/\/acoinpre.com\/wp-content\/uploads\/2022\/06\/pexels-olia-danilevich-8145264-100x100.jpg 100w\" sizes=\"(max-width: 1024px) 100vw, 1024px\" \/>\t\t\t\t\t\t\t\t\t\t\t\t\t\t<\/div>\n\t\t\t\t\t\t<\/div>\n\t\t\t\t<\/div>\n\t\t\t\t<div class=\"elementor-element elementor-element-425f7b4 elementor-widget elementor-widget-heading\" data-id=\"425f7b4\" data-element_type=\"widget\" data-widget_type=\"heading.default\">\n\t\t\t\t<div class=\"elementor-widget-container\">\n\t\t\t<h2 class=\"elementor-heading-title elementor-size-medium\">Es la capacidad efectiva para llevar a cabo exitosamente una  actividad laboral plenamente identificada. La competencia laboral no es una probabilidad de \u00e9xito en la ejecuci\u00f3n de un trabajo, es una capacidad real y  demostrada.<\/h2>\t\t<\/div>\n\t\t\t\t<\/div>\n\t\t\t\t\t\t<\/div>\n\t\t\t\t\t<\/div>\n\t\t<\/div>\n\t\t\t\t<div class=\"aux-parallax-section elementor-column elementor-col-33 elementor-top-column elementor-element elementor-element-77bce41\" data-id=\"77bce41\" data-element_type=\"column\">\n\t\t\t<div class=\"elementor-column-wrap elementor-element-populated\">\n\t\t\t\t\t\t\t<div class=\"elementor-widget-wrap\">\n\t\t\t\t\t\t<div class=\"elementor-element elementor-element-db0f597 elementor-widget elementor-widget-heading\" data-id=\"db0f597\" data-element_type=\"widget\" data-widget_type=\"heading.default\">\n\t\t\t\t<div class=\"elementor-widget-container\">\n\t\t\t<h2 class=\"elementor-heading-title elementor-size-xl\">CERTIFICATE CON ACOINPRE<\/h2>\t\t<\/div>\n\t\t\t\t<\/div>\n\t\t\t\t<div class=\"elementor-element elementor-element-f352864 elementor-widget elementor-widget-image\" data-id=\"f352864\" data-element_type=\"widget\" data-widget_type=\"image.default\">\n\t\t\t\t<div class=\"elementor-widget-container\">\n\t\t\t\t\t\t\t\t<div class=\"elementor-image\">\n\t\t\t\t\t\t\t\t\t\t\t\t<img width=\"1024\" height=\"1024\" src=\"https:\/\/acoinpre.com\/wp-content\/uploads\/2022\/06\/pexels-olia-danilevich-8145335-1024x1024.jpg\" class=\"attachment-large size-large\" alt=\"\" loading=\"lazy\" srcset=\"https:\/\/acoinpre.com\/wp-content\/uploads\/2022\/06\/pexels-olia-danilevich-8145335-1024x1024.jpg 1024w, https:\/\/acoinpre.com\/wp-content\/uploads\/2022\/06\/pexels-olia-danilevich-8145335-300x300.jpg 300w, https:\/\/acoinpre.com\/wp-content\/uploads\/2022\/06\/pexels-olia-danilevich-8145335-150x150.jpg 150w, https:\/\/acoinpre.com\/wp-content\/uploads\/2022\/06\/pexels-olia-danilevich-8145335-768x768.jpg 768w, https:\/\/acoinpre.com\/wp-content\/uploads\/2022\/06\/pexels-olia-danilevich-8145335-100x100.jpg 100w\" sizes=\"(max-width: 1024px) 100vw, 1024px\" \/>\t\t\t\t\t\t\t\t\t\t\t\t\t\t<\/div>\n\t\t\t\t\t\t<\/div>\n\t\t\t\t<\/div>\n\t\t\t\t\t\t<\/div>\n\t\t\t\t\t<\/div>\n\t\t<\/div>\n\t\t\t\t\t\t\t\t<\/div>\n\t\t\t\t\t<\/div>\n\t\t<\/section>\n\t\t\t\t<section class=\"elementor-section elementor-top-section elementor-element elementor-element-7b4ce99 elementor-section-boxed elementor-section-height-default elementor-section-height-default\" data-id=\"7b4ce99\" data-element_type=\"section\">\n\t\t\t\t\t\t<div class=\"elementor-container elementor-column-gap-default\">\n\t\t\t\t\t\t\t<div class=\"elementor-row\">\n\t\t\t\t\t<div class=\"aux-parallax-section elementor-column elementor-col-100 elementor-top-column elementor-element elementor-element-12b5dd7\" data-id=\"12b5dd7\" data-element_type=\"column\">\n\t\t\t<div class=\"elementor-column-wrap elementor-element-populated\">\n\t\t\t\t\t\t\t<div class=\"elementor-widget-wrap\">\n\t\t\t\t\t\t<div class=\"elementor-element elementor-element-aef8fb6 elementor-widget elementor-widget-spacer\" data-id=\"aef8fb6\" data-element_type=\"widget\" data-widget_type=\"spacer.default\">\n\t\t\t\t<div class=\"elementor-widget-container\">\n\t\t\t\t\t<div class=\"elementor-spacer\">\n\t\t\t<div class=\"elementor-spacer-inner\"><\/div>\n\t\t<\/div>\n\t\t\t\t<\/div>\n\t\t\t\t<\/div>\n\t\t\t\t\t\t<\/div>\n\t\t\t\t\t<\/div>\n\t\t<\/div>\n\t\t\t\t\t\t\t\t<\/div>\n\t\t\t\t\t<\/div>\n\t\t<\/section>\n\t\t\t\t<section class=\"elementor-section elementor-top-section elementor-element elementor-element-a18f4ee elementor-section-boxed elementor-section-height-default elementor-section-height-default\" data-id=\"a18f4ee\" data-element_type=\"section\">\n\t\t\t\t\t\t<div class=\"elementor-container elementor-column-gap-default\">\n\t\t\t\t\t\t\t<div class=\"elementor-row\">\n\t\t\t\t\t<div class=\"aux-parallax-section elementor-column elementor-col-100 elementor-top-column elementor-element elementor-element-1ba042b\" data-id=\"1ba042b\" data-element_type=\"column\">\n\t\t\t<div class=\"elementor-column-wrap elementor-element-populated\">\n\t\t\t\t\t\t\t<div class=\"elementor-widget-wrap\">\n\t\t\t\t\t\t<div class=\"elementor-element elementor-element-05b776f elementor-widget elementor-widget-heading\" data-id=\"05b776f\" data-element_type=\"widget\" data-widget_type=\"heading.default\">\n\t\t\t\t<div class=\"elementor-widget-container\">\n\t\t\t<h2 class=\"elementor-heading-title elementor-size-xl\">PROCESO DE CERTIFICACI\u00d3N<\/h2>\t\t<\/div>\n\t\t\t\t<\/div>\n\t\t\t\t\t\t<\/div>\n\t\t\t\t\t<\/div>\n\t\t<\/div>\n\t\t\t\t\t\t\t\t<\/div>\n\t\t\t\t\t<\/div>\n\t\t<\/section>\n\t\t\t\t<section class=\"elementor-section elementor-top-section elementor-element elementor-element-ea0dbfe elementor-section-boxed elementor-section-height-default elementor-section-height-default\" data-id=\"ea0dbfe\" data-element_type=\"section\">\n\t\t\t\t\t\t<div class=\"elementor-container elementor-column-gap-default\">\n\t\t\t\t\t\t\t<div class=\"elementor-row\">\n\t\t\t\t\t<div class=\"aux-parallax-section elementor-column elementor-col-100 elementor-top-column elementor-element elementor-element-50d2bf7\" data-id=\"50d2bf7\" data-element_type=\"column\">\n\t\t\t<div class=\"elementor-column-wrap elementor-element-populated\">\n\t\t\t\t\t\t\t<div class=\"elementor-widget-wrap\">\n\t\t\t\t\t\t<div class=\"elementor-element elementor-element-12ebcb1 elementor-widget elementor-widget-image\" data-id=\"12ebcb1\" data-element_type=\"widget\" data-widget_type=\"image.default\">\n\t\t\t\t<div class=\"elementor-widget-container\">\n\t\t\t\t\t\t\t\t<div class=\"elementor-image\">\n\t\t\t\t\t\t\t\t\t\t\t\t<img width=\"1536\" height=\"734\" src=\"https:\/\/acoinpre.com\/wp-content\/uploads\/2022\/11\/PROCESO-DE-CERTIFICACIO\u0301N-1536x734.jpg\" class=\"attachment-1536x1536 size-1536x1536\" alt=\"\" loading=\"lazy\" srcset=\"https:\/\/acoinpre.com\/wp-content\/uploads\/2022\/11\/PROCESO-DE-CERTIFICACIO\u0301N-1536x734.jpg 1536w, https:\/\/acoinpre.com\/wp-content\/uploads\/2022\/11\/PROCESO-DE-CERTIFICACIO\u0301N-600x287.jpg 600w, https:\/\/acoinpre.com\/wp-content\/uploads\/2022\/11\/PROCESO-DE-CERTIFICACIO\u0301N.jpg 1813w\" sizes=\"(max-width: 1536px) 100vw, 1536px\" \/>\t\t\t\t\t\t\t\t\t\t\t\t\t\t<\/div>\n\t\t\t\t\t\t<\/div>\n\t\t\t\t<\/div>\n\t\t\t\t\t\t<\/div>\n\t\t\t\t\t<\/div>\n\t\t<\/div>\n\t\t\t\t\t\t\t\t<\/div>\n\t\t\t\t\t<\/div>\n\t\t<\/section>\n\t\t\t\t\t\t<\/div>\n\t\t\t\t\t\t<\/div>\n\t\t\t\t\t<\/div>\n\t\t","protected":false},"excerpt":{"rendered":"<p>\u00bfQU\u00c9 ES UNA COMPETENCIA LABORAL? Es la capacidad efectiva para llevar a cabo exitosamente una actividad laboral plenamente identificada. La competencia laboral no es una probabilidad de \u00e9xito en la ejecuci\u00f3n de un trabajo, es una capacidad real y demostrada. CERTIFICATE CON ACOINPRE PROCESO DE CERTIFICACI\u00d3N<\/p>\n","protected":false},"author":1,"featured_media":0,"parent":0,"menu_order":0,"comment_status":"closed","ping_status":"closed","template":"","meta":[],"yoast_head":"<!-- This site is optimized with the Yoast SEO plugin v18.2 - https:\/\/yoast.com\/wordpress\/plugins\/seo\/ -->\n<title>CERTIFICACI\u00d3N - ACOINPRE.COM<\/title>\n<meta name=\"robots\" content=\"index, follow, max-snippet:-1, max-image-preview:large, max-video-preview:-1\" \/>\n<link rel=\"canonical\" href=\"https:\/\/acoinpre.com\/?page_id=628\" \/>\n<meta property=\"og:locale\" content=\"es_ES\" \/>\n<meta property=\"og:type\" content=\"article\" \/>\n<meta property=\"og:title\" content=\"CERTIFICACI\u00d3N - ACOINPRE.COM\" \/>\n<meta property=\"og:description\" content=\"\u00bfQU\u00c9 ES UNA COMPETENCIA LABORAL? Es la capacidad efectiva para llevar a cabo exitosamente una actividad laboral plenamente identificada. La competencia laboral no es una probabilidad de \u00e9xito en la ejecuci\u00f3n de un trabajo, es una capacidad real y demostrada. CERTIFICATE CON ACOINPRE PROCESO DE CERTIFICACI\u00d3N\" \/>\n<meta property=\"og:url\" content=\"https:\/\/acoinpre.com\/?page_id=628\" \/>\n<meta property=\"og:site_name\" content=\"ACOINPRE.COM\" \/>\n<meta property=\"article:publisher\" content=\"https:\/\/www.facebook.com\/asociacion.acoinpre\" \/>\n<meta property=\"article:modified_time\" content=\"2022-11-18T04:44:03+00:00\" \/>\n<meta property=\"og:image\" content=\"https:\/\/acoinpre.com\/wp-content\/uploads\/2022\/06\/pexels-olia-danilevich-8145352-1024x1024.jpg\" \/>\n<meta name=\"twitter:card\" content=\"summary_large_image\" \/>\n<meta name=\"twitter:label1\" content=\"Tiempo de lectura\" \/>\n\t<meta name=\"twitter:data1\" content=\"2 minutos\" \/>\n<script type=\"application\/ld+json\" class=\"yoast-schema-graph\">{\"@context\":\"https:\/\/schema.org\",\"@graph\":[{\"@type\":\"Organization\",\"@id\":\"https:\/\/acoinpre.com\/#organization\",\"name\":\"Acoinpre\",\"url\":\"https:\/\/acoinpre.com\/\",\"sameAs\":[\"https:\/\/www.facebook.com\/asociacion.acoinpre\",\"https:\/\/www.instagram.com\/acoinpre\/\"],\"logo\":{\"@type\":\"ImageObject\",\"@id\":\"https:\/\/acoinpre.com\/#logo\",\"inLanguage\":\"es\",\"url\":\"https:\/\/acoinpre.com\/wp-content\/uploads\/2022\/02\/cropped-Acoimpre-logo-2-1.png\",\"contentUrl\":\"https:\/\/acoinpre.com\/wp-content\/uploads\/2022\/02\/cropped-Acoimpre-logo-2-1.png\",\"width\":150,\"height\":64,\"caption\":\"Acoinpre\"},\"image\":{\"@id\":\"https:\/\/acoinpre.com\/#logo\"}},{\"@type\":\"WebSite\",\"@id\":\"https:\/\/acoinpre.com\/#website\",\"url\":\"https:\/\/acoinpre.com\/\",\"name\":\"ACOINPRE.COM\",\"description\":\"Competitividad, Innovaci\u00f3n y Productividad Empresarial\",\"publisher\":{\"@id\":\"https:\/\/acoinpre.com\/#organization\"},\"potentialAction\":[{\"@type\":\"SearchAction\",\"target\":{\"@type\":\"EntryPoint\",\"urlTemplate\":\"https:\/\/acoinpre.com\/?s={search_term_string}\"},\"query-input\":\"required name=search_term_string\"}],\"inLanguage\":\"es\"},{\"@type\":\"ImageObject\",\"@id\":\"https:\/\/acoinpre.com\/?page_id=628#primaryimage\",\"inLanguage\":\"es\",\"url\":\"https:\/\/acoinpre.com\/wp-content\/uploads\/2022\/06\/pexels-olia-danilevich-8145352-scaled.jpg\",\"contentUrl\":\"https:\/\/acoinpre.com\/wp-content\/uploads\/2022\/06\/pexels-olia-danilevich-8145352-scaled.jpg\",\"width\":2560,\"height\":1707},{\"@type\":\"WebPage\",\"@id\":\"https:\/\/acoinpre.com\/?page_id=628#webpage\",\"url\":\"https:\/\/acoinpre.com\/?page_id=628\",\"name\":\"CERTIFICACI\u00d3N - ACOINPRE.COM\",\"isPartOf\":{\"@id\":\"https:\/\/acoinpre.com\/#website\"},\"primaryImageOfPage\":{\"@id\":\"https:\/\/acoinpre.com\/?page_id=628#primaryimage\"},\"datePublished\":\"2021-04-28T14:31:38+00:00\",\"dateModified\":\"2022-11-18T04:44:03+00:00\",\"breadcrumb\":{\"@id\":\"https:\/\/acoinpre.com\/?page_id=628#breadcrumb\"},\"inLanguage\":\"es\",\"potentialAction\":[{\"@type\":\"ReadAction\",\"target\":[\"https:\/\/acoinpre.com\/?page_id=628\"]}]},{\"@type\":\"BreadcrumbList\",\"@id\":\"https:\/\/acoinpre.com\/?page_id=628#breadcrumb\",\"itemListElement\":[{\"@type\":\"ListItem\",\"position\":1,\"name\":\"Home\",\"item\":\"https:\/\/acoinpre.com\/\"},{\"@type\":\"ListItem\",\"position\":2,\"name\":\"CERTIFICACI\u00d3N\"}]}]}<\/script>\n<!-- \/ Yoast SEO plugin. -->","yoast_head_json":{"title":"CERTIFICACI\u00d3N - ACOINPRE.COM","robots":{"index":"index","follow":"follow","max-snippet":"max-snippet:-1","max-image-preview":"max-image-preview:large","max-video-preview":"max-video-preview:-1"},"canonical":"https:\/\/acoinpre.com\/?page_id=628","og_locale":"es_ES","og_type":"article","og_title":"CERTIFICACI\u00d3N - ACOINPRE.COM","og_description":"\u00bfQU\u00c9 ES UNA COMPETENCIA LABORAL? Es la capacidad efectiva para llevar a cabo exitosamente una actividad laboral plenamente identificada. La competencia laboral no es una probabilidad de \u00e9xito en la ejecuci\u00f3n de un trabajo, es una capacidad real y demostrada. CERTIFICATE CON ACOINPRE PROCESO DE CERTIFICACI\u00d3N","og_url":"https:\/\/acoinpre.com\/?page_id=628","og_site_name":"ACOINPRE.COM","article_publisher":"https:\/\/www.facebook.com\/asociacion.acoinpre","article_modified_time":"2022-11-18T04:44:03+00:00","og_image":[{"url":"https:\/\/acoinpre.com\/wp-content\/uploads\/2022\/06\/pexels-olia-danilevich-8145352-1024x1024.jpg"}],"twitter_card":"summary_large_image","twitter_misc":{"Tiempo de lectura":"2 minutos"},"schema":{"@context":"https:\/\/schema.org","@graph":[{"@type":"Organization","@id":"https:\/\/acoinpre.com\/#organization","name":"Acoinpre","url":"https:\/\/acoinpre.com\/","sameAs":["https:\/\/www.facebook.com\/asociacion.acoinpre","https:\/\/www.instagram.com\/acoinpre\/"],"logo":{"@type":"ImageObject","@id":"https:\/\/acoinpre.com\/#logo","inLanguage":"es","url":"https:\/\/acoinpre.com\/wp-content\/uploads\/2022\/02\/cropped-Acoimpre-logo-2-1.png","contentUrl":"https:\/\/acoinpre.com\/wp-content\/uploads\/2022\/02\/cropped-Acoimpre-logo-2-1.png","width":150,"height":64,"caption":"Acoinpre"},"image":{"@id":"https:\/\/acoinpre.com\/#logo"}},{"@type":"WebSite","@id":"https:\/\/acoinpre.com\/#website","url":"https:\/\/acoinpre.com\/","name":"ACOINPRE.COM","description":"Competitividad, Innovaci\u00f3n y Productividad Empresarial","publisher":{"@id":"https:\/\/acoinpre.com\/#organization"},"potentialAction":[{"@type":"SearchAction","target":{"@type":"EntryPoint","urlTemplate":"https:\/\/acoinpre.com\/?s={search_term_string}"},"query-input":"required name=search_term_string"}],"inLanguage":"es"},{"@type":"ImageObject","@id":"https:\/\/acoinpre.com\/?page_id=628#primaryimage","inLanguage":"es","url":"https:\/\/acoinpre.com\/wp-content\/uploads\/2022\/06\/pexels-olia-danilevich-8145352-scaled.jpg","contentUrl":"https:\/\/acoinpre.com\/wp-content\/uploads\/2022\/06\/pexels-olia-danilevich-8145352-scaled.jpg","width":2560,"height":1707},{"@type":"WebPage","@id":"https:\/\/acoinpre.com\/?page_id=628#webpage","url":"https:\/\/acoinpre.com\/?page_id=628","name":"CERTIFICACI\u00d3N - ACOINPRE.COM","isPartOf":{"@id":"https:\/\/acoinpre.com\/#website"},"primaryImageOfPage":{"@id":"https:\/\/acoinpre.com\/?page_id=628#primaryimage"},"datePublished":"2021-04-28T14:31:38+00:00","dateModified":"2022-11-18T04:44:03+00:00","breadcrumb":{"@id":"https:\/\/acoinpre.com\/?page_id=628#breadcrumb"},"inLanguage":"es","potentialAction":[{"@type":"ReadAction","target":["https:\/\/acoinpre.com\/?page_id=628"]}]},{"@type":"BreadcrumbList","@id":"https:\/\/acoinpre.com\/?page_id=628#breadcrumb","itemListElement":[{"@type":"ListItem","position":1,"name":"Home","item":"https:\/\/acoinpre.com\/"},{"@type":"ListItem","position":2,"name":"CERTIFICACI\u00d3N"}]}]}},"_links":{"self":[{"href":"https:\/\/acoinpre.com\/index.php?rest_route=\/wp\/v2\/pages\/628"}],"collection":[{"href":"https:\/\/acoinpre.com\/index.php?rest_route=\/wp\/v2\/pages"}],"about":[{"href":"https:\/\/acoinpre.com\/index.php?rest_route=\/wp\/v2\/types\/page"}],"author":[{"embeddable":true,"href":"https:\/\/acoinpre.com\/index.php?rest_route=\/wp\/v2\/users\/1"}],"replies":[{"embeddable":true,"href":"https:\/\/acoinpre.com\/index.php?rest_route=%2Fwp%2Fv2%2Fcomments&post=628"}],"version-history":[{"count":185,"href":"https:\/\/acoinpre.com\/index.php?rest_route=\/wp\/v2\/pages\/628\/revisions"}],"predecessor-version":[{"id":1816,"href":"https:\/\/acoinpre.com\/index.php?rest_route=\/wp\/v2\/pages\/628\/revisions\/1816"}],"wp:attachment":[{"href":"https:\/\/acoinpre.com\/index.php?rest_route=%2Fwp%2Fv2%2Fmedia&parent=628"}],"curies":[{"name":"wp","href":"https:\/\/api.w.org\/{rel}","templated":true}]}}