{"id":727,"date":"2021-04-30T14:44:45","date_gmt":"2021-04-30T14:44:45","guid":{"rendered":"https:\/\/acoinpre.com\/?page_id=727"},"modified":"2022-06-16T00:37:15","modified_gmt":"2022-06-16T00:37:15","slug":"competencias-laborales-2020","status":"publish","type":"page","link":"https:\/\/acoinpre.com\/?page_id=727","title":{"rendered":"Competencias Laborales 2020"},"content":{"rendered":"\t\t<div data-elementor-type=\"wp-page\" data-elementor-id=\"727\" class=\"elementor elementor-727\" data-elementor-settings=\"[]\">\n\t\t\t\t\t\t<div class=\"elementor-inner\">\n\t\t\t\t\t\t\t<div class=\"elementor-section-wrap\">\n\t\t\t\t\t\t\t<section class=\"elementor-section elementor-top-section elementor-element elementor-element-fdcfe28 elementor-section-boxed elementor-section-height-default elementor-section-height-default\" data-id=\"fdcfe28\" data-element_type=\"section\">\n\t\t\t\t\t\t<div class=\"elementor-container elementor-column-gap-default\">\n\t\t\t\t\t\t\t<div class=\"elementor-row\">\n\t\t\t\t\t<div class=\"aux-parallax-section elementor-column elementor-col-33 elementor-top-column elementor-element elementor-element-4c5a884\" data-id=\"4c5a884\" data-element_type=\"column\">\n\t\t\t<div class=\"elementor-column-wrap elementor-element-populated\">\n\t\t\t\t\t\t\t<div class=\"elementor-widget-wrap\">\n\t\t\t\t\t\t<div class=\"elementor-element elementor-element-5caf1ac elementor-widget elementor-widget-heading\" data-id=\"5caf1ac\" data-element_type=\"widget\" data-widget_type=\"heading.default\">\n\t\t\t\t<div class=\"elementor-widget-container\">\n\t\t\t<h3 class=\"elementor-heading-title elementor-size-default\">\u00bfQu\u00e9 es una competencia laboral?<\/h3>\t\t<\/div>\n\t\t\t\t<\/div>\n\t\t\t\t<div class=\"elementor-element elementor-element-2be135f elementor-widget elementor-widget-image\" data-id=\"2be135f\" data-element_type=\"widget\" data-widget_type=\"image.default\">\n\t\t\t\t<div class=\"elementor-widget-container\">\n\t\t\t\t\t\t\t\t<div class=\"elementor-image\">\n\t\t\t\t\t\t\t\t\t\t\t\t<img width=\"1024\" height=\"1024\" src=\"https:\/\/acoinpre.com\/wp-content\/uploads\/2022\/06\/pexels-olia-danilevich-8145264-1024x1024.jpg\" class=\"elementor-animation-grow attachment-large size-large\" alt=\"\" loading=\"lazy\" srcset=\"https:\/\/acoinpre.com\/wp-content\/uploads\/2022\/06\/pexels-olia-danilevich-8145264-1024x1024.jpg 1024w, https:\/\/acoinpre.com\/wp-content\/uploads\/2022\/06\/pexels-olia-danilevich-8145264-300x300.jpg 300w, https:\/\/acoinpre.com\/wp-content\/uploads\/2022\/06\/pexels-olia-danilevich-8145264-150x150.jpg 150w, https:\/\/acoinpre.com\/wp-content\/uploads\/2022\/06\/pexels-olia-danilevich-8145264-768x768.jpg 768w, https:\/\/acoinpre.com\/wp-content\/uploads\/2022\/06\/pexels-olia-danilevich-8145264-100x100.jpg 100w\" sizes=\"(max-width: 1024px) 100vw, 1024px\" \/>\t\t\t\t\t\t\t\t\t\t\t\t\t\t<\/div>\n\t\t\t\t\t\t<\/div>\n\t\t\t\t<\/div>\n\t\t\t\t\t\t<\/div>\n\t\t\t\t\t<\/div>\n\t\t<\/div>\n\t\t\t\t<div class=\"aux-parallax-section elementor-column elementor-col-33 elementor-top-column elementor-element elementor-element-9bfdca5\" data-id=\"9bfdca5\" data-element_type=\"column\">\n\t\t\t<div class=\"elementor-column-wrap elementor-element-populated\">\n\t\t\t\t\t\t\t<div class=\"elementor-widget-wrap\">\n\t\t\t\t\t\t<div class=\"elementor-element elementor-element-5835474 elementor-widget elementor-widget-image\" data-id=\"5835474\" data-element_type=\"widget\" data-widget_type=\"image.default\">\n\t\t\t\t<div class=\"elementor-widget-container\">\n\t\t\t\t\t\t\t\t<div class=\"elementor-image\">\n\t\t\t\t\t\t\t\t\t\t\t\t<img width=\"1024\" height=\"1024\" src=\"https:\/\/acoinpre.com\/wp-content\/uploads\/2022\/06\/pexels-olia-danilevich-8145352-1024x1024.jpg\" class=\"elementor-animation-grow attachment-large size-large\" alt=\"\" loading=\"lazy\" srcset=\"https:\/\/acoinpre.com\/wp-content\/uploads\/2022\/06\/pexels-olia-danilevich-8145352-1024x1024.jpg 1024w, https:\/\/acoinpre.com\/wp-content\/uploads\/2022\/06\/pexels-olia-danilevich-8145352-300x300.jpg 300w, https:\/\/acoinpre.com\/wp-content\/uploads\/2022\/06\/pexels-olia-danilevich-8145352-150x150.jpg 150w, https:\/\/acoinpre.com\/wp-content\/uploads\/2022\/06\/pexels-olia-danilevich-8145352-768x768.jpg 768w, https:\/\/acoinpre.com\/wp-content\/uploads\/2022\/06\/pexels-olia-danilevich-8145352-100x100.jpg 100w\" sizes=\"(max-width: 1024px) 100vw, 1024px\" \/>\t\t\t\t\t\t\t\t\t\t\t\t\t\t<\/div>\n\t\t\t\t\t\t<\/div>\n\t\t\t\t<\/div>\n\t\t\t\t<div class=\"elementor-element elementor-element-1b125fa9 elementor-widget elementor-widget-text-editor\" data-id=\"1b125fa9\" data-element_type=\"widget\" data-widget_type=\"text-editor.default\">\n\t\t\t\t<div class=\"elementor-widget-container\">\n\t\t\t\t\t\t\t\t<div class=\"elementor-text-editor elementor-clearfix\">\n\t\t\t\t<p style=\"text-align: center;\"><strong><span style=\"color: #000000;\">Capacidad efectiva para llevar a cabo exitosamente una\u00a0 actividad laboral plenamente identificada. La competencia laboral no es una\u00a0 probabilidad de \u00e9xito en la ejecuci\u00f3n de un trabajo, es una capacidad real y\u00a0 demostrada.<\/span><\/strong><\/p>\t\t\t\t\t<\/div>\n\t\t\t\t\t\t<\/div>\n\t\t\t\t<\/div>\n\t\t\t\t\t\t<\/div>\n\t\t\t\t\t<\/div>\n\t\t<\/div>\n\t\t\t\t<div class=\"aux-parallax-section elementor-column elementor-col-33 elementor-top-column elementor-element elementor-element-c87c5c3\" data-id=\"c87c5c3\" data-element_type=\"column\">\n\t\t\t<div class=\"elementor-column-wrap elementor-element-populated\">\n\t\t\t\t\t\t\t<div class=\"elementor-widget-wrap\">\n\t\t\t\t\t\t<div class=\"elementor-element elementor-element-1a007f3d elementor-widget elementor-widget-image\" data-id=\"1a007f3d\" data-element_type=\"widget\" data-widget_type=\"image.default\">\n\t\t\t\t<div class=\"elementor-widget-container\">\n\t\t\t\t\t\t\t\t<div class=\"elementor-image\">\n\t\t\t\t\t\t\t\t\t\t\t\t<img width=\"1024\" height=\"1024\" src=\"https:\/\/acoinpre.com\/wp-content\/uploads\/2022\/06\/pexels-olia-danilevich-8145335-1024x1024.jpg\" class=\"elementor-animation-grow attachment-large size-large\" alt=\"\" loading=\"lazy\" srcset=\"https:\/\/acoinpre.com\/wp-content\/uploads\/2022\/06\/pexels-olia-danilevich-8145335-1024x1024.jpg 1024w, https:\/\/acoinpre.com\/wp-content\/uploads\/2022\/06\/pexels-olia-danilevich-8145335-300x300.jpg 300w, https:\/\/acoinpre.com\/wp-content\/uploads\/2022\/06\/pexels-olia-danilevich-8145335-150x150.jpg 150w, https:\/\/acoinpre.com\/wp-content\/uploads\/2022\/06\/pexels-olia-danilevich-8145335-768x768.jpg 768w, https:\/\/acoinpre.com\/wp-content\/uploads\/2022\/06\/pexels-olia-danilevich-8145335-100x100.jpg 100w\" sizes=\"(max-width: 1024px) 100vw, 1024px\" \/>\t\t\t\t\t\t\t\t\t\t\t\t\t\t<\/div>\n\t\t\t\t\t\t<\/div>\n\t\t\t\t<\/div>\n\t\t\t\t\t\t<\/div>\n\t\t\t\t\t<\/div>\n\t\t<\/div>\n\t\t\t\t\t\t\t\t<\/div>\n\t\t\t\t\t<\/div>\n\t\t<\/section>\n\t\t\t\t<section class=\"elementor-section elementor-top-section elementor-element elementor-element-335e115a elementor-section-full_width elementor-section-content-middle elementor-section-height-default elementor-section-height-default\" data-id=\"335e115a\" data-element_type=\"section\">\n\t\t\t\t\t\t<div class=\"elementor-container elementor-column-gap-no\">\n\t\t\t\t\t\t\t<div class=\"elementor-row\">\n\t\t\t\t\t<div class=\"aux-parallax-section elementor-column elementor-col-50 elementor-top-column elementor-element elementor-element-1edbc765\" data-id=\"1edbc765\" data-element_type=\"column\" data-settings=\"{&quot;background_background&quot;:&quot;classic&quot;}\">\n\t\t\t<div class=\"elementor-column-wrap\">\n\t\t\t\t\t<div class=\"elementor-background-overlay\"><\/div>\n\t\t\t\t\t\t\t<div class=\"elementor-widget-wrap\">\n\t\t\t\t\t\t\t\t<\/div>\n\t\t\t\t\t<\/div>\n\t\t<\/div>\n\t\t\t\t<div class=\"aux-parallax-section elementor-column elementor-col-50 elementor-top-column elementor-element elementor-element-3b6e583f\" data-id=\"3b6e583f\" data-element_type=\"column\">\n\t\t\t<div class=\"elementor-column-wrap elementor-element-populated\">\n\t\t\t\t\t\t\t<div class=\"elementor-widget-wrap\">\n\t\t\t\t\t\t<div class=\"elementor-element elementor-element-3dda906a aux-appear-watch-animation aux-fade-in elementor-widget elementor-widget-aux_modern_heading\" data-id=\"3dda906a\" data-element_type=\"widget\" data-widget_type=\"aux_modern_heading.default\">\n\t\t\t\t<div class=\"elementor-widget-container\">\n\t\t\t<section class=\"aux-widget-modern-heading\">\n            <div class=\"aux-widget-inner\"><h2 class=\"aux-modern-heading-primary\">Acciones relevantes desarrolladas por el proponente en favor de la regi\u00f3n y sector al cual se encuentra vinculado.<\/h2><div class=\"aux-modern-heading-divider\"><\/div><\/div>\n        <\/section>\t\t<\/div>\n\t\t\t\t<\/div>\n\t\t\t\t<div class=\"elementor-element elementor-element-17b2b7ca elementor-widget elementor-widget-text-editor\" data-id=\"17b2b7ca\" data-element_type=\"widget\" data-widget_type=\"text-editor.default\">\n\t\t\t\t<div class=\"elementor-widget-container\">\n\t\t\t\t\t\t\t\t<div class=\"elementor-text-editor elementor-clearfix\">\n\t\t\t\t<p>La Asociaci\u00f3n Colombiana para la Competitividad, Innovaci\u00f3n y Productividad empresarial\u00a0 ACOINPRE ha estado enfocado sus programas en los pilares estrat\u00e9gicos:<\/p><ul><li>Capacitaci\u00f3n Especializada<\/li><li>Innovaci\u00f3n y Emprendimiento<\/li><li>Evaluaci\u00f3n y Certificaci\u00f3n en Competencias Laboarles<\/li><\/ul><p>En cumplimiento del programa de evaluaci\u00f3n y certificaci\u00f3n por competencias en el a\u00f1o 2019 con el apoyo del <strong>Sena Centro de Tecnolog\u00edas para la Construcci\u00f3n y la Madera de la Regional Distrito Capital<\/strong> se realizaron <strong><em>tres procesos de certificaci\u00f3n<\/em><\/strong> por competencia laboral con evaluadores de ACOINPRE.<\/p>\t\t\t\t\t<\/div>\n\t\t\t\t\t\t<\/div>\n\t\t\t\t<\/div>\n\t\t\t\t\t\t<\/div>\n\t\t\t\t\t<\/div>\n\t\t<\/div>\n\t\t\t\t\t\t\t\t<\/div>\n\t\t\t\t\t<\/div>\n\t\t<\/section>\n\t\t\t\t<section class=\"elementor-section elementor-top-section elementor-element elementor-element-4e4113ce elementor-section-content-middle elementor-section-boxed elementor-section-height-default elementor-section-height-default\" data-id=\"4e4113ce\" data-element_type=\"section\">\n\t\t\t\t\t\t<div class=\"elementor-container elementor-column-gap-no\">\n\t\t\t\t\t\t\t<div class=\"elementor-row\">\n\t\t\t\t\t<div class=\"aux-parallax-section elementor-column elementor-col-50 elementor-top-column elementor-element elementor-element-75d1429c\" data-id=\"75d1429c\" data-element_type=\"column\">\n\t\t\t<div class=\"elementor-column-wrap elementor-element-populated\">\n\t\t\t\t\t\t\t<div class=\"elementor-widget-wrap\">\n\t\t\t\t\t\t<div class=\"elementor-element elementor-element-2db29529 aux-appear-watch-animation aux-fade-in elementor-widget elementor-widget-aux_modern_heading\" data-id=\"2db29529\" data-element_type=\"widget\" data-settings=\"{&quot;_animation&quot;:&quot;none&quot;}\" data-widget_type=\"aux_modern_heading.default\">\n\t\t\t\t<div class=\"elementor-widget-container\">\n\t\t\t<section class=\"aux-widget-modern-heading\">\n            <div class=\"aux-widget-inner\"><h2 class=\"aux-modern-heading-primary\">Capacitaciones 2019<\/h2><div class=\"aux-modern-heading-divider\"><\/div><\/div>\n        <\/section>\t\t<\/div>\n\t\t\t\t<\/div>\n\t\t\t\t<div class=\"elementor-element elementor-element-255fc7e4 elementor-position-left elementor-view-default elementor-vertical-align-top elementor-widget elementor-widget-icon-box\" data-id=\"255fc7e4\" data-element_type=\"widget\" data-widget_type=\"icon-box.default\">\n\t\t\t\t<div class=\"elementor-widget-container\">\n\t\t\t\t\t<div class=\"elementor-icon-box-wrapper\">\n\t\t\t\t\t\t<div class=\"elementor-icon-box-icon\">\n\t\t\t\t<span class=\"elementor-icon elementor-animation-grow\" >\n\t\t\t\t<i aria-hidden=\"true\" class=\"fas fa-star\"><\/i>\t\t\t\t<\/span>\n\t\t\t<\/div>\n\t\t\t\t\t\t<div class=\"elementor-icon-box-content\">\n\t\t\t\t<h3 class=\"elementor-icon-box-title\">\n\t\t\t\t\t<span  >\n\t\t\t\t\t\t2019-11-9209-249-P75 en la NORMA 260401022 \t\t\t\t\t<\/span>\n\t\t\t\t<\/h3>\n\t\t\t\t\t\t\t<\/div>\n\t\t<\/div>\n\t\t\t\t<\/div>\n\t\t\t\t<\/div>\n\t\t\t\t<div class=\"elementor-element elementor-element-b7c1961 elementor-align-left elementor-icon-list--layout-traditional elementor-list-item-link-full_width elementor-invisible elementor-widget elementor-widget-icon-list\" data-id=\"b7c1961\" data-element_type=\"widget\" data-settings=\"{&quot;_animation&quot;:&quot;fadeInDown&quot;}\" data-widget_type=\"icon-list.default\">\n\t\t\t\t<div class=\"elementor-widget-container\">\n\t\t\t\t\t<ul class=\"elementor-icon-list-items\">\n\t\t\t\t\t\t\t<li class=\"elementor-icon-list-item\">\n\t\t\t\t\t\t\t\t\t\t<span class=\"elementor-icon-list-text\">\u201cPrevenir incidentes de seguridad y vigilancia de acuerdo con la normativa t\u00e9cnica\u201d con doscientos sesenta y un (261) trabajadores certificados. <\/span>\n\t\t\t\t\t\t\t\t\t<\/li>\n\t\t\t\t\t\t<\/ul>\n\t\t\t\t<\/div>\n\t\t\t\t<\/div>\n\t\t\t\t<div class=\"elementor-element elementor-element-184f9a3c elementor-position-left elementor-view-default elementor-vertical-align-top elementor-widget elementor-widget-icon-box\" data-id=\"184f9a3c\" data-element_type=\"widget\" data-widget_type=\"icon-box.default\">\n\t\t\t\t<div class=\"elementor-widget-container\">\n\t\t\t\t\t<div class=\"elementor-icon-box-wrapper\">\n\t\t\t\t\t\t<div class=\"elementor-icon-box-icon\">\n\t\t\t\t<span class=\"elementor-icon elementor-animation-grow\" >\n\t\t\t\t<i aria-hidden=\"true\" class=\"fas fa-star\"><\/i>\t\t\t\t<\/span>\n\t\t\t<\/div>\n\t\t\t\t\t\t<div class=\"elementor-icon-box-content\">\n\t\t\t\t<h3 class=\"elementor-icon-box-title\">\n\t\t\t\t\t<span  >\n\t\t\t\t\t\t2019-11-9209-249-P76 en la NORMA 260401040 \t\t\t\t\t<\/span>\n\t\t\t\t<\/h3>\n\t\t\t\t\t\t\t<\/div>\n\t\t<\/div>\n\t\t\t\t<\/div>\n\t\t\t\t<\/div>\n\t\t\t\t<div class=\"elementor-element elementor-element-6aa525f4 elementor-align-left elementor-icon-list--layout-traditional elementor-list-item-link-full_width elementor-invisible elementor-widget elementor-widget-icon-list\" data-id=\"6aa525f4\" data-element_type=\"widget\" data-settings=\"{&quot;_animation&quot;:&quot;fadeInDown&quot;}\" data-widget_type=\"icon-list.default\">\n\t\t\t\t<div class=\"elementor-widget-container\">\n\t\t\t\t\t<ul class=\"elementor-icon-list-items\">\n\t\t\t\t\t\t\t<li class=\"elementor-icon-list-item\">\n\t\t\t\t\t\t\t\t\t\t<span class=\"elementor-icon-list-text\">\u201cControlar accesos de acuerdo con normativa de seguridad privada\u201d con ciento cincuenta y cuatro (154) trabajadores certificados.<\/span>\n\t\t\t\t\t\t\t\t\t<\/li>\n\t\t\t\t\t\t<\/ul>\n\t\t\t\t<\/div>\n\t\t\t\t<\/div>\n\t\t\t\t<div class=\"elementor-element elementor-element-5415d6b6 elementor-position-left elementor-view-default elementor-vertical-align-top elementor-widget elementor-widget-icon-box\" data-id=\"5415d6b6\" data-element_type=\"widget\" data-widget_type=\"icon-box.default\">\n\t\t\t\t<div class=\"elementor-widget-container\">\n\t\t\t\t\t<div class=\"elementor-icon-box-wrapper\">\n\t\t\t\t\t\t<div class=\"elementor-icon-box-icon\">\n\t\t\t\t<span class=\"elementor-icon elementor-animation-grow\" >\n\t\t\t\t<i aria-hidden=\"true\" class=\"fas fa-star\"><\/i>\t\t\t\t<\/span>\n\t\t\t<\/div>\n\t\t\t\t\t\t<div class=\"elementor-icon-box-content\">\n\t\t\t\t<h3 class=\"elementor-icon-box-title\">\n\t\t\t\t\t<span  >\n\t\t\t\t\t\t2019-11-9209-249-P77 en la NORMA 260401023 \t\t\t\t\t<\/span>\n\t\t\t\t<\/h3>\n\t\t\t\t\t\t\t<\/div>\n\t\t<\/div>\n\t\t\t\t<\/div>\n\t\t\t\t<\/div>\n\t\t\t\t<div class=\"elementor-element elementor-element-6019da84 elementor-align-left elementor-icon-list--layout-traditional elementor-list-item-link-full_width elementor-invisible elementor-widget elementor-widget-icon-list\" data-id=\"6019da84\" data-element_type=\"widget\" data-settings=\"{&quot;_animation&quot;:&quot;fadeInDown&quot;}\" data-widget_type=\"icon-list.default\">\n\t\t\t\t<div class=\"elementor-widget-container\">\n\t\t\t\t\t<ul class=\"elementor-icon-list-items\">\n\t\t\t\t\t\t\t<li class=\"elementor-icon-list-item\">\n\t\t\t\t\t\t\t\t\t\t<span class=\"elementor-icon-list-text\">\u201cAtender situaciones de crisis de acuerdo con planes de emergencia y normativa t\u00e9cnica\u201d con noventa (90) trabajadores certificados.<\/span>\n\t\t\t\t\t\t\t\t\t<\/li>\n\t\t\t\t\t\t<\/ul>\n\t\t\t\t<\/div>\n\t\t\t\t<\/div>\n\t\t\t\t\t\t<\/div>\n\t\t\t\t\t<\/div>\n\t\t<\/div>\n\t\t\t\t<div class=\"aux-parallax-section elementor-column elementor-col-50 elementor-top-column elementor-element elementor-element-4a415e28\" data-id=\"4a415e28\" data-element_type=\"column\">\n\t\t\t<div class=\"elementor-column-wrap elementor-element-populated\">\n\t\t\t\t\t\t\t<div class=\"elementor-widget-wrap\">\n\t\t\t\t\t\t<div class=\"elementor-element elementor-element-63274fc2 elementor-invisible elementor-widget elementor-widget-image\" data-id=\"63274fc2\" data-element_type=\"widget\" data-settings=\"{&quot;_animation&quot;:&quot;fadeInRight&quot;}\" data-widget_type=\"image.default\">\n\t\t\t\t<div class=\"elementor-widget-container\">\n\t\t\t\t\t\t\t\t<div class=\"elementor-image\">\n\t\t\t\t\t\t\t\t\t\t\t\t<img width=\"830\" height=\"503\" src=\"https:\/\/acoinpre.com\/wp-content\/uploads\/2021\/04\/Sin-titulo.png\" class=\"attachment-full size-full\" alt=\"\" loading=\"lazy\" srcset=\"https:\/\/acoinpre.com\/wp-content\/uploads\/2021\/04\/Sin-titulo.png 830w, https:\/\/acoinpre.com\/wp-content\/uploads\/2021\/04\/Sin-titulo-600x364.png 600w\" sizes=\"(max-width: 830px) 100vw, 830px\" \/>\t\t\t\t\t\t\t\t\t\t\t\t\t\t<\/div>\n\t\t\t\t\t\t<\/div>\n\t\t\t\t<\/div>\n\t\t\t\t\t\t<\/div>\n\t\t\t\t\t<\/div>\n\t\t<\/div>\n\t\t\t\t\t\t\t\t<\/div>\n\t\t\t\t\t<\/div>\n\t\t<\/section>\n\t\t\t\t\t\t<\/div>\n\t\t\t\t\t\t<\/div>\n\t\t\t\t\t<\/div>\n\t\t","protected":false},"excerpt":{"rendered":"<p>\u00bfQu\u00e9 es una competencia laboral? Capacidad efectiva para llevar a cabo exitosamente una\u00a0 actividad laboral plenamente identificada. La competencia laboral no es una\u00a0 probabilidad de \u00e9xito en la ejecuci\u00f3n de un trabajo, es una capacidad real y\u00a0 demostrada. Acciones relevantes desarrolladas por el proponente en favor de la regi\u00f3n y sector al cual se encuentra [&hellip;]<\/p>\n","protected":false},"author":1,"featured_media":0,"parent":0,"menu_order":0,"comment_status":"closed","ping_status":"closed","template":"","meta":[],"yoast_head":"<!-- This site is optimized with the Yoast SEO plugin v18.2 - https:\/\/yoast.com\/wordpress\/plugins\/seo\/ -->\n<title>Competencias Laborales 2020 - ACOINPRE.COM<\/title>\n<meta name=\"robots\" content=\"index, follow, max-snippet:-1, max-image-preview:large, max-video-preview:-1\" \/>\n<link rel=\"canonical\" href=\"https:\/\/acoinpre.com\/?page_id=727\" \/>\n<meta property=\"og:locale\" content=\"es_ES\" \/>\n<meta property=\"og:type\" content=\"article\" \/>\n<meta property=\"og:title\" content=\"Competencias Laborales 2020 - ACOINPRE.COM\" \/>\n<meta property=\"og:description\" content=\"\u00bfQu\u00e9 es una competencia laboral? Capacidad efectiva para llevar a cabo exitosamente una\u00a0 actividad laboral plenamente identificada. La competencia laboral no es una\u00a0 probabilidad de \u00e9xito en la ejecuci\u00f3n de un trabajo, es una capacidad real y\u00a0 demostrada. Acciones relevantes desarrolladas por el proponente en favor de la regi\u00f3n y sector al cual se encuentra [&hellip;]\" \/>\n<meta property=\"og:url\" content=\"https:\/\/acoinpre.com\/?page_id=727\" \/>\n<meta property=\"og:site_name\" content=\"ACOINPRE.COM\" \/>\n<meta property=\"article:publisher\" content=\"https:\/\/www.facebook.com\/asociacion.acoinpre\" \/>\n<meta property=\"article:modified_time\" content=\"2022-06-16T00:37:15+00:00\" \/>\n<meta property=\"og:image\" content=\"https:\/\/acoinpre.com\/wp-content\/uploads\/2022\/06\/pexels-olia-danilevich-8145264-1024x1024.jpg\" \/>\n<meta name=\"twitter:card\" content=\"summary_large_image\" \/>\n<meta name=\"twitter:label1\" content=\"Tiempo de lectura\" \/>\n\t<meta name=\"twitter:data1\" content=\"2 minutos\" \/>\n<script type=\"application\/ld+json\" class=\"yoast-schema-graph\">{\"@context\":\"https:\/\/schema.org\",\"@graph\":[{\"@type\":\"Organization\",\"@id\":\"https:\/\/acoinpre.com\/#organization\",\"name\":\"Acoinpre\",\"url\":\"https:\/\/acoinpre.com\/\",\"sameAs\":[\"https:\/\/www.facebook.com\/asociacion.acoinpre\",\"https:\/\/www.instagram.com\/acoinpre\/\"],\"logo\":{\"@type\":\"ImageObject\",\"@id\":\"https:\/\/acoinpre.com\/#logo\",\"inLanguage\":\"es\",\"url\":\"https:\/\/acoinpre.com\/wp-content\/uploads\/2022\/02\/cropped-Acoimpre-logo-2-1.png\",\"contentUrl\":\"https:\/\/acoinpre.com\/wp-content\/uploads\/2022\/02\/cropped-Acoimpre-logo-2-1.png\",\"width\":150,\"height\":64,\"caption\":\"Acoinpre\"},\"image\":{\"@id\":\"https:\/\/acoinpre.com\/#logo\"}},{\"@type\":\"WebSite\",\"@id\":\"https:\/\/acoinpre.com\/#website\",\"url\":\"https:\/\/acoinpre.com\/\",\"name\":\"ACOINPRE.COM\",\"description\":\"Competitividad, Innovaci\u00f3n y Productividad Empresarial\",\"publisher\":{\"@id\":\"https:\/\/acoinpre.com\/#organization\"},\"potentialAction\":[{\"@type\":\"SearchAction\",\"target\":{\"@type\":\"EntryPoint\",\"urlTemplate\":\"https:\/\/acoinpre.com\/?s={search_term_string}\"},\"query-input\":\"required name=search_term_string\"}],\"inLanguage\":\"es\"},{\"@type\":\"ImageObject\",\"@id\":\"https:\/\/acoinpre.com\/?page_id=727#primaryimage\",\"inLanguage\":\"es\",\"url\":\"https:\/\/acoinpre.com\/wp-content\/uploads\/2022\/06\/pexels-olia-danilevich-8145264-scaled.jpg\",\"contentUrl\":\"https:\/\/acoinpre.com\/wp-content\/uploads\/2022\/06\/pexels-olia-danilevich-8145264-scaled.jpg\",\"width\":2560,\"height\":1707},{\"@type\":\"WebPage\",\"@id\":\"https:\/\/acoinpre.com\/?page_id=727#webpage\",\"url\":\"https:\/\/acoinpre.com\/?page_id=727\",\"name\":\"Competencias Laborales 2020 - ACOINPRE.COM\",\"isPartOf\":{\"@id\":\"https:\/\/acoinpre.com\/#website\"},\"primaryImageOfPage\":{\"@id\":\"https:\/\/acoinpre.com\/?page_id=727#primaryimage\"},\"datePublished\":\"2021-04-30T14:44:45+00:00\",\"dateModified\":\"2022-06-16T00:37:15+00:00\",\"breadcrumb\":{\"@id\":\"https:\/\/acoinpre.com\/?page_id=727#breadcrumb\"},\"inLanguage\":\"es\",\"potentialAction\":[{\"@type\":\"ReadAction\",\"target\":[\"https:\/\/acoinpre.com\/?page_id=727\"]}]},{\"@type\":\"BreadcrumbList\",\"@id\":\"https:\/\/acoinpre.com\/?page_id=727#breadcrumb\",\"itemListElement\":[{\"@type\":\"ListItem\",\"position\":1,\"name\":\"Home\",\"item\":\"https:\/\/acoinpre.com\/\"},{\"@type\":\"ListItem\",\"position\":2,\"name\":\"Competencias Laborales 2020\"}]}]}<\/script>\n<!-- \/ Yoast SEO plugin. -->","yoast_head_json":{"title":"Competencias Laborales 2020 - ACOINPRE.COM","robots":{"index":"index","follow":"follow","max-snippet":"max-snippet:-1","max-image-preview":"max-image-preview:large","max-video-preview":"max-video-preview:-1"},"canonical":"https:\/\/acoinpre.com\/?page_id=727","og_locale":"es_ES","og_type":"article","og_title":"Competencias Laborales 2020 - ACOINPRE.COM","og_description":"\u00bfQu\u00e9 es una competencia laboral? Capacidad efectiva para llevar a cabo exitosamente una\u00a0 actividad laboral plenamente identificada. La competencia laboral no es una\u00a0 probabilidad de \u00e9xito en la ejecuci\u00f3n de un trabajo, es una capacidad real y\u00a0 demostrada. Acciones relevantes desarrolladas por el proponente en favor de la regi\u00f3n y sector al cual se encuentra [&hellip;]","og_url":"https:\/\/acoinpre.com\/?page_id=727","og_site_name":"ACOINPRE.COM","article_publisher":"https:\/\/www.facebook.com\/asociacion.acoinpre","article_modified_time":"2022-06-16T00:37:15+00:00","og_image":[{"url":"https:\/\/acoinpre.com\/wp-content\/uploads\/2022\/06\/pexels-olia-danilevich-8145264-1024x1024.jpg"}],"twitter_card":"summary_large_image","twitter_misc":{"Tiempo de lectura":"2 minutos"},"schema":{"@context":"https:\/\/schema.org","@graph":[{"@type":"Organization","@id":"https:\/\/acoinpre.com\/#organization","name":"Acoinpre","url":"https:\/\/acoinpre.com\/","sameAs":["https:\/\/www.facebook.com\/asociacion.acoinpre","https:\/\/www.instagram.com\/acoinpre\/"],"logo":{"@type":"ImageObject","@id":"https:\/\/acoinpre.com\/#logo","inLanguage":"es","url":"https:\/\/acoinpre.com\/wp-content\/uploads\/2022\/02\/cropped-Acoimpre-logo-2-1.png","contentUrl":"https:\/\/acoinpre.com\/wp-content\/uploads\/2022\/02\/cropped-Acoimpre-logo-2-1.png","width":150,"height":64,"caption":"Acoinpre"},"image":{"@id":"https:\/\/acoinpre.com\/#logo"}},{"@type":"WebSite","@id":"https:\/\/acoinpre.com\/#website","url":"https:\/\/acoinpre.com\/","name":"ACOINPRE.COM","description":"Competitividad, Innovaci\u00f3n y Productividad Empresarial","publisher":{"@id":"https:\/\/acoinpre.com\/#organization"},"potentialAction":[{"@type":"SearchAction","target":{"@type":"EntryPoint","urlTemplate":"https:\/\/acoinpre.com\/?s={search_term_string}"},"query-input":"required name=search_term_string"}],"inLanguage":"es"},{"@type":"ImageObject","@id":"https:\/\/acoinpre.com\/?page_id=727#primaryimage","inLanguage":"es","url":"https:\/\/acoinpre.com\/wp-content\/uploads\/2022\/06\/pexels-olia-danilevich-8145264-scaled.jpg","contentUrl":"https:\/\/acoinpre.com\/wp-content\/uploads\/2022\/06\/pexels-olia-danilevich-8145264-scaled.jpg","width":2560,"height":1707},{"@type":"WebPage","@id":"https:\/\/acoinpre.com\/?page_id=727#webpage","url":"https:\/\/acoinpre.com\/?page_id=727","name":"Competencias Laborales 2020 - ACOINPRE.COM","isPartOf":{"@id":"https:\/\/acoinpre.com\/#website"},"primaryImageOfPage":{"@id":"https:\/\/acoinpre.com\/?page_id=727#primaryimage"},"datePublished":"2021-04-30T14:44:45+00:00","dateModified":"2022-06-16T00:37:15+00:00","breadcrumb":{"@id":"https:\/\/acoinpre.com\/?page_id=727#breadcrumb"},"inLanguage":"es","potentialAction":[{"@type":"ReadAction","target":["https:\/\/acoinpre.com\/?page_id=727"]}]},{"@type":"BreadcrumbList","@id":"https:\/\/acoinpre.com\/?page_id=727#breadcrumb","itemListElement":[{"@type":"ListItem","position":1,"name":"Home","item":"https:\/\/acoinpre.com\/"},{"@type":"ListItem","position":2,"name":"Competencias Laborales 2020"}]}]}},"_links":{"self":[{"href":"https:\/\/acoinpre.com\/index.php?rest_route=\/wp\/v2\/pages\/727"}],"collection":[{"href":"https:\/\/acoinpre.com\/index.php?rest_route=\/wp\/v2\/pages"}],"about":[{"href":"https:\/\/acoinpre.com\/index.php?rest_route=\/wp\/v2\/types\/page"}],"author":[{"embeddable":true,"href":"https:\/\/acoinpre.com\/index.php?rest_route=\/wp\/v2\/users\/1"}],"replies":[{"embeddable":true,"href":"https:\/\/acoinpre.com\/index.php?rest_route=%2Fwp%2Fv2%2Fcomments&post=727"}],"version-history":[{"count":39,"href":"https:\/\/acoinpre.com\/index.php?rest_route=\/wp\/v2\/pages\/727\/revisions"}],"predecessor-version":[{"id":1620,"href":"https:\/\/acoinpre.com\/index.php?rest_route=\/wp\/v2\/pages\/727\/revisions\/1620"}],"wp:attachment":[{"href":"https:\/\/acoinpre.com\/index.php?rest_route=%2Fwp%2Fv2%2Fmedia&parent=727"}],"curies":[{"name":"wp","href":"https:\/\/api.w.org\/{rel}","templated":true}]}}