{"id":1186,"date":"2021-07-07T16:34:07","date_gmt":"2021-07-07T16:34:07","guid":{"rendered":"https:\/\/acoinpre.com\/?post_type=product&#038;p=1186"},"modified":"2024-08-10T11:00:33","modified_gmt":"2024-08-10T11:00:33","slug":"diplomado-oficial-de-cumplimiento-un-reto-para-las-empresas-colombianas-en-la-revolucion-4-0","status":"publish","type":"product","link":"https:\/\/acoinpre.com\/?product=diplomado-oficial-de-cumplimiento-un-reto-para-las-empresas-colombianas-en-la-revolucion-4-0","title":{"rendered":"Diplomado Oficial de Cumplimiento un reto para las empresas Colombianas en la revoluci\u00f3n 4.0"},"content":{"rendered":"<p><strong>OBJETIVO DEL CURSO VIRTUAL<br \/>\n<\/strong>Generar habilidades y competencias para la aplicaci\u00f3n de las medidas de prevenci\u00f3n y detecci\u00f3n de posibles operaciones de lavado de activos y financiaci\u00f3n de terrorismo en las empresas. La formaci\u00f3n aumenta y adecua el conocimiento y las habilidades del talento humano, el cual responde a las necesidades de formaci\u00f3n que promueven el desarrollo productivo y la competitividad de las empresas y beneficiarios participantes con ACOINPRE.<\/p>\n","protected":false},"excerpt":{"rendered":"<p><strong>BIENVENIDOS<\/strong><\/p>\n<p>En nombre de la Asociaci\u00f3n Colombiana para la Competitividad, Innovaci\u00f3n y Productividad Empresarial ACOINPRE, nos permitimos darle una calurosa bienvenida al Diplomado Oficial de Cumplimiento: Un Reto para las Empresas Colombianas en la revoluci\u00f3n 4.0.<\/p>\n<p>Este diplomado tiene como duraci\u00f3n ochenta (90) horas acad\u00e9micas, las cuales se deben realizar virtualmente entre actividades te\u00f3ricas y actividades pr\u00e1cticas.<\/p>\n<p>&nbsp;<\/p>\n<p><strong>OBJETIVO DEL CURSO VIRTUAL<br \/>\n<\/strong>Generar habilidades y competencias para la aplicaci\u00f3n de las medidas de prevenci\u00f3n y detecci\u00f3n de posibles operaciones de lavado de activos y financiaci\u00f3n de terrorismo en las empresas. La formaci\u00f3n aumenta y adecua el conocimiento y las habilidades del talento humano, el cual responde a las necesidades de formaci\u00f3n que promueven el desarrollo productivo y la competitividad de las empresas y beneficiarios participantes con ACOINPRE.<\/p>\n<p>Si tiene alguna duda o inquietud no dude en contactarnos al correo soporte@acoinpre.com o al tel\u00e9fono 317 3348318, de lo contrario si desea iniciar su curso en este momento lo invitamos a hacer clic sobre el t\u00edtulo de cada unidad tem\u00e1tica mencionado a continuaci\u00f3n:<\/p>\n<p>&nbsp;<\/p>\n<p><strong>M\u00d3DULO 1:<\/strong> REGULACI\u00d3N<\/p>\n<p><strong>M\u00d3DULO 2:<\/strong> GOBIERNO CORPORATIVO<\/p>\n<p><strong>M\u00d3DULO 3:<\/strong> GESTI\u00d3N DE RIESGOS<\/p>\n<p><strong>M\u00d3DULO 4:<\/strong> ESTANDARIZACI\u00d3N<\/p>\n<p><strong>M\u00d3DULO 5:<\/strong> AUDITORIA Y MONITOREO<\/p>\n<p><strong>M\u00d3DULO 6:<\/strong> COMPETENCIAS DE LOS OFICIALES DE CUMPLIMIENTO<\/p>\n","protected":false},"featured_media":1209,"comment_status":"open","ping_status":"closed","template":"","meta":[],"product_cat":[20],"product_tag":[],"yoast_head":"<!-- This site is optimized with the Yoast SEO plugin v18.2 - https:\/\/yoast.com\/wordpress\/plugins\/seo\/ -->\n<title>Diplomado Oficial de Cumplimiento un reto para las empresas Colombianas en la revoluci\u00f3n 4.0 - ACOINPRE.COM<\/title>\n<meta name=\"robots\" content=\"index, follow, max-snippet:-1, max-image-preview:large, max-video-preview:-1\" \/>\n<link rel=\"canonical\" href=\"https:\/\/acoinpre.com\/?product=diplomado-oficial-de-cumplimiento-un-reto-para-las-empresas-colombianas-en-la-revolucion-4-0\" \/>\n<meta property=\"og:locale\" content=\"es_ES\" \/>\n<meta property=\"og:type\" content=\"article\" \/>\n<meta property=\"og:title\" content=\"Diplomado Oficial de Cumplimiento un reto para las empresas Colombianas en la revoluci\u00f3n 4.0 - ACOINPRE.COM\" \/>\n<meta property=\"og:description\" content=\"BIENVENIDOS  En nombre de la Asociaci\u00f3n Colombiana para la Competitividad, Innovaci\u00f3n y Productividad Empresarial ACOINPRE, nos permitimos darle una calurosa bienvenida al Diplomado Oficial de Cumplimiento: Un Reto para las Empresas Colombianas en la revoluci\u00f3n 4.0.  Este diplomado tiene como duraci\u00f3n ochenta (90) horas acad\u00e9micas, las cuales se deben realizar virtualmente entre actividades te\u00f3ricas y actividades pr\u00e1cticas.  &nbsp;  OBJETIVO DEL CURSO VIRTUAL Generar habilidades y competencias para la aplicaci\u00f3n de las medidas de prevenci\u00f3n y detecci\u00f3n de posibles operaciones de lavado de activos y financiaci\u00f3n de terrorismo en las empresas. La formaci\u00f3n aumenta y adecua el conocimiento y las habilidades del talento humano, el cual responde a las necesidades de formaci\u00f3n que promueven el desarrollo productivo y la competitividad de las empresas y beneficiarios participantes con ACOINPRE.  Si tiene alguna duda o inquietud no dude en contactarnos al correo soporte@acoinpre.com o al tel\u00e9fono 317 3348318, de lo contrario si desea iniciar su curso en este momento lo invitamos a hacer clic sobre el t\u00edtulo de cada unidad tem\u00e1tica mencionado a continuaci\u00f3n:  &nbsp;  M\u00d3DULO 1: REGULACI\u00d3N  M\u00d3DULO 2: GOBIERNO CORPORATIVO  M\u00d3DULO 3: GESTI\u00d3N DE RIESGOS  M\u00d3DULO 4: ESTANDARIZACI\u00d3N  M\u00d3DULO 5: AUDITORIA Y MONITOREO  M\u00d3DULO 6: COMPETENCIAS DE LOS OFICIALES DE CUMPLIMIENTO\" \/>\n<meta property=\"og:url\" content=\"https:\/\/acoinpre.com\/?product=diplomado-oficial-de-cumplimiento-un-reto-para-las-empresas-colombianas-en-la-revolucion-4-0\" \/>\n<meta property=\"og:site_name\" content=\"ACOINPRE.COM\" \/>\n<meta property=\"article:publisher\" content=\"https:\/\/www.facebook.com\/asociacion.acoinpre\" \/>\n<meta property=\"article:modified_time\" content=\"2024-08-10T11:00:33+00:00\" \/>\n<meta property=\"og:image\" content=\"https:\/\/acoinpre.com\/wp-content\/uploads\/2021\/07\/1.png\" \/>\n\t<meta property=\"og:image:width\" content=\"1080\" \/>\n\t<meta property=\"og:image:height\" content=\"1080\" \/>\n\t<meta property=\"og:image:type\" content=\"image\/png\" \/>\n<meta name=\"twitter:card\" content=\"summary_large_image\" \/>\n<meta name=\"twitter:label1\" content=\"Tiempo de lectura\" \/>\n\t<meta name=\"twitter:data1\" content=\"1 minuto\" \/>\n<script type=\"application\/ld+json\" class=\"yoast-schema-graph\">{\"@context\":\"https:\/\/schema.org\",\"@graph\":[{\"@type\":\"Organization\",\"@id\":\"https:\/\/acoinpre.com\/#organization\",\"name\":\"Acoinpre\",\"url\":\"https:\/\/acoinpre.com\/\",\"sameAs\":[\"https:\/\/www.facebook.com\/asociacion.acoinpre\",\"https:\/\/www.instagram.com\/acoinpre\/\"],\"logo\":{\"@type\":\"ImageObject\",\"@id\":\"https:\/\/acoinpre.com\/#logo\",\"inLanguage\":\"es\",\"url\":\"https:\/\/acoinpre.com\/wp-content\/uploads\/2022\/02\/cropped-Acoimpre-logo-2-1.png\",\"contentUrl\":\"https:\/\/acoinpre.com\/wp-content\/uploads\/2022\/02\/cropped-Acoimpre-logo-2-1.png\",\"width\":150,\"height\":64,\"caption\":\"Acoinpre\"},\"image\":{\"@id\":\"https:\/\/acoinpre.com\/#logo\"}},{\"@type\":\"WebSite\",\"@id\":\"https:\/\/acoinpre.com\/#website\",\"url\":\"https:\/\/acoinpre.com\/\",\"name\":\"ACOINPRE.COM\",\"description\":\"Competitividad, Innovaci\u00f3n y Productividad Empresarial\",\"publisher\":{\"@id\":\"https:\/\/acoinpre.com\/#organization\"},\"potentialAction\":[{\"@type\":\"SearchAction\",\"target\":{\"@type\":\"EntryPoint\",\"urlTemplate\":\"https:\/\/acoinpre.com\/?s={search_term_string}\"},\"query-input\":\"required name=search_term_string\"}],\"inLanguage\":\"es\"},{\"@type\":\"ImageObject\",\"@id\":\"https:\/\/acoinpre.com\/?product=diplomado-oficial-de-cumplimiento-un-reto-para-las-empresas-colombianas-en-la-revolucion-4-0#primaryimage\",\"inLanguage\":\"es\",\"url\":\"https:\/\/acoinpre.com\/wp-content\/uploads\/2021\/07\/1.png\",\"contentUrl\":\"https:\/\/acoinpre.com\/wp-content\/uploads\/2021\/07\/1.png\",\"width\":1080,\"height\":1080},{\"@type\":\"WebPage\",\"@id\":\"https:\/\/acoinpre.com\/?product=diplomado-oficial-de-cumplimiento-un-reto-para-las-empresas-colombianas-en-la-revolucion-4-0#webpage\",\"url\":\"https:\/\/acoinpre.com\/?product=diplomado-oficial-de-cumplimiento-un-reto-para-las-empresas-colombianas-en-la-revolucion-4-0\",\"name\":\"Diplomado Oficial de Cumplimiento un reto para las empresas Colombianas en la revoluci\u00f3n 4.0 - ACOINPRE.COM\",\"isPartOf\":{\"@id\":\"https:\/\/acoinpre.com\/#website\"},\"primaryImageOfPage\":{\"@id\":\"https:\/\/acoinpre.com\/?product=diplomado-oficial-de-cumplimiento-un-reto-para-las-empresas-colombianas-en-la-revolucion-4-0#primaryimage\"},\"datePublished\":\"2021-07-07T16:34:07+00:00\",\"dateModified\":\"2024-08-10T11:00:33+00:00\",\"breadcrumb\":{\"@id\":\"https:\/\/acoinpre.com\/?product=diplomado-oficial-de-cumplimiento-un-reto-para-las-empresas-colombianas-en-la-revolucion-4-0#breadcrumb\"},\"inLanguage\":\"es\",\"potentialAction\":[{\"@type\":\"ReadAction\",\"target\":[\"https:\/\/acoinpre.com\/?product=diplomado-oficial-de-cumplimiento-un-reto-para-las-empresas-colombianas-en-la-revolucion-4-0\"]}]},{\"@type\":\"BreadcrumbList\",\"@id\":\"https:\/\/acoinpre.com\/?product=diplomado-oficial-de-cumplimiento-un-reto-para-las-empresas-colombianas-en-la-revolucion-4-0#breadcrumb\",\"itemListElement\":[{\"@type\":\"ListItem\",\"position\":1,\"name\":\"Home\",\"item\":\"https:\/\/acoinpre.com\/\"},{\"@type\":\"ListItem\",\"position\":2,\"name\":\"Tienda\",\"item\":\"https:\/\/acoinpre.com\/?page_id=1180\"},{\"@type\":\"ListItem\",\"position\":3,\"name\":\"Diplomado Oficial de Cumplimiento un reto para las empresas Colombianas en la revoluci\u00f3n 4.0\"}]}]}<\/script>\n<!-- \/ Yoast SEO plugin. -->","yoast_head_json":{"title":"Diplomado Oficial de Cumplimiento un reto para las empresas Colombianas en la revoluci\u00f3n 4.0 - ACOINPRE.COM","robots":{"index":"index","follow":"follow","max-snippet":"max-snippet:-1","max-image-preview":"max-image-preview:large","max-video-preview":"max-video-preview:-1"},"canonical":"https:\/\/acoinpre.com\/?product=diplomado-oficial-de-cumplimiento-un-reto-para-las-empresas-colombianas-en-la-revolucion-4-0","og_locale":"es_ES","og_type":"article","og_title":"Diplomado Oficial de Cumplimiento un reto para las empresas Colombianas en la revoluci\u00f3n 4.0 - ACOINPRE.COM","og_description":"BIENVENIDOS  En nombre de la Asociaci\u00f3n Colombiana para la Competitividad, Innovaci\u00f3n y Productividad Empresarial ACOINPRE, nos permitimos darle una calurosa bienvenida al Diplomado Oficial de Cumplimiento: Un Reto para las Empresas Colombianas en la revoluci\u00f3n 4.0.  Este diplomado tiene como duraci\u00f3n ochenta (90) horas acad\u00e9micas, las cuales se deben realizar virtualmente entre actividades te\u00f3ricas y actividades pr\u00e1cticas.  &nbsp;  OBJETIVO DEL CURSO VIRTUAL Generar habilidades y competencias para la aplicaci\u00f3n de las medidas de prevenci\u00f3n y detecci\u00f3n de posibles operaciones de lavado de activos y financiaci\u00f3n de terrorismo en las empresas. La formaci\u00f3n aumenta y adecua el conocimiento y las habilidades del talento humano, el cual responde a las necesidades de formaci\u00f3n que promueven el desarrollo productivo y la competitividad de las empresas y beneficiarios participantes con ACOINPRE.  Si tiene alguna duda o inquietud no dude en contactarnos al correo soporte@acoinpre.com o al tel\u00e9fono 317 3348318, de lo contrario si desea iniciar su curso en este momento lo invitamos a hacer clic sobre el t\u00edtulo de cada unidad tem\u00e1tica mencionado a continuaci\u00f3n:  &nbsp;  M\u00d3DULO 1: REGULACI\u00d3N  M\u00d3DULO 2: GOBIERNO CORPORATIVO  M\u00d3DULO 3: GESTI\u00d3N DE RIESGOS  M\u00d3DULO 4: ESTANDARIZACI\u00d3N  M\u00d3DULO 5: AUDITORIA Y MONITOREO  M\u00d3DULO 6: COMPETENCIAS DE LOS OFICIALES DE CUMPLIMIENTO","og_url":"https:\/\/acoinpre.com\/?product=diplomado-oficial-de-cumplimiento-un-reto-para-las-empresas-colombianas-en-la-revolucion-4-0","og_site_name":"ACOINPRE.COM","article_publisher":"https:\/\/www.facebook.com\/asociacion.acoinpre","article_modified_time":"2024-08-10T11:00:33+00:00","og_image":[{"width":1080,"height":1080,"url":"https:\/\/acoinpre.com\/wp-content\/uploads\/2021\/07\/1.png","type":"image\/png"}],"twitter_card":"summary_large_image","twitter_misc":{"Tiempo de lectura":"1 minuto"},"schema":{"@context":"https:\/\/schema.org","@graph":[{"@type":"Organization","@id":"https:\/\/acoinpre.com\/#organization","name":"Acoinpre","url":"https:\/\/acoinpre.com\/","sameAs":["https:\/\/www.facebook.com\/asociacion.acoinpre","https:\/\/www.instagram.com\/acoinpre\/"],"logo":{"@type":"ImageObject","@id":"https:\/\/acoinpre.com\/#logo","inLanguage":"es","url":"https:\/\/acoinpre.com\/wp-content\/uploads\/2022\/02\/cropped-Acoimpre-logo-2-1.png","contentUrl":"https:\/\/acoinpre.com\/wp-content\/uploads\/2022\/02\/cropped-Acoimpre-logo-2-1.png","width":150,"height":64,"caption":"Acoinpre"},"image":{"@id":"https:\/\/acoinpre.com\/#logo"}},{"@type":"WebSite","@id":"https:\/\/acoinpre.com\/#website","url":"https:\/\/acoinpre.com\/","name":"ACOINPRE.COM","description":"Competitividad, Innovaci\u00f3n y Productividad Empresarial","publisher":{"@id":"https:\/\/acoinpre.com\/#organization"},"potentialAction":[{"@type":"SearchAction","target":{"@type":"EntryPoint","urlTemplate":"https:\/\/acoinpre.com\/?s={search_term_string}"},"query-input":"required name=search_term_string"}],"inLanguage":"es"},{"@type":"ImageObject","@id":"https:\/\/acoinpre.com\/?product=diplomado-oficial-de-cumplimiento-un-reto-para-las-empresas-colombianas-en-la-revolucion-4-0#primaryimage","inLanguage":"es","url":"https:\/\/acoinpre.com\/wp-content\/uploads\/2021\/07\/1.png","contentUrl":"https:\/\/acoinpre.com\/wp-content\/uploads\/2021\/07\/1.png","width":1080,"height":1080},{"@type":"WebPage","@id":"https:\/\/acoinpre.com\/?product=diplomado-oficial-de-cumplimiento-un-reto-para-las-empresas-colombianas-en-la-revolucion-4-0#webpage","url":"https:\/\/acoinpre.com\/?product=diplomado-oficial-de-cumplimiento-un-reto-para-las-empresas-colombianas-en-la-revolucion-4-0","name":"Diplomado Oficial de Cumplimiento un reto para las empresas Colombianas en la revoluci\u00f3n 4.0 - ACOINPRE.COM","isPartOf":{"@id":"https:\/\/acoinpre.com\/#website"},"primaryImageOfPage":{"@id":"https:\/\/acoinpre.com\/?product=diplomado-oficial-de-cumplimiento-un-reto-para-las-empresas-colombianas-en-la-revolucion-4-0#primaryimage"},"datePublished":"2021-07-07T16:34:07+00:00","dateModified":"2024-08-10T11:00:33+00:00","breadcrumb":{"@id":"https:\/\/acoinpre.com\/?product=diplomado-oficial-de-cumplimiento-un-reto-para-las-empresas-colombianas-en-la-revolucion-4-0#breadcrumb"},"inLanguage":"es","potentialAction":[{"@type":"ReadAction","target":["https:\/\/acoinpre.com\/?product=diplomado-oficial-de-cumplimiento-un-reto-para-las-empresas-colombianas-en-la-revolucion-4-0"]}]},{"@type":"BreadcrumbList","@id":"https:\/\/acoinpre.com\/?product=diplomado-oficial-de-cumplimiento-un-reto-para-las-empresas-colombianas-en-la-revolucion-4-0#breadcrumb","itemListElement":[{"@type":"ListItem","position":1,"name":"Home","item":"https:\/\/acoinpre.com\/"},{"@type":"ListItem","position":2,"name":"Tienda","item":"https:\/\/acoinpre.com\/?page_id=1180"},{"@type":"ListItem","position":3,"name":"Diplomado Oficial de Cumplimiento un reto para las empresas Colombianas en la revoluci\u00f3n 4.0"}]}]}},"_links":{"self":[{"href":"https:\/\/acoinpre.com\/index.php?rest_route=\/wp\/v2\/product\/1186"}],"collection":[{"href":"https:\/\/acoinpre.com\/index.php?rest_route=\/wp\/v2\/product"}],"about":[{"href":"https:\/\/acoinpre.com\/index.php?rest_route=\/wp\/v2\/types\/product"}],"replies":[{"embeddable":true,"href":"https:\/\/acoinpre.com\/index.php?rest_route=%2Fwp%2Fv2%2Fcomments&post=1186"}],"wp:featuredmedia":[{"embeddable":true,"href":"https:\/\/acoinpre.com\/index.php?rest_route=\/wp\/v2\/media\/1209"}],"wp:attachment":[{"href":"https:\/\/acoinpre.com\/index.php?rest_route=%2Fwp%2Fv2%2Fmedia&parent=1186"}],"wp:term":[{"taxonomy":"product_cat","embeddable":true,"href":"https:\/\/acoinpre.com\/index.php?rest_route=%2Fwp%2Fv2%2Fproduct_cat&post=1186"},{"taxonomy":"product_tag","embeddable":true,"href":"https:\/\/acoinpre.com\/index.php?rest_route=%2Fwp%2Fv2%2Fproduct_tag&post=1186"}],"curies":[{"name":"wp","href":"https:\/\/api.w.org\/{rel}","templated":true}]}}