{"id":1189,"date":"2021-07-07T16:39:40","date_gmt":"2021-07-07T16:39:40","guid":{"rendered":"https:\/\/acoinpre.com\/?post_type=product&#038;p=1189"},"modified":"2025-03-19T04:19:39","modified_gmt":"2025-03-19T04:19:39","slug":"curso-aplicacion-de-la-norma-iso187882018-a-la-gestion-de-empresas-de-seguridad","status":"publish","type":"product","link":"https:\/\/acoinpre.com\/?product=curso-aplicacion-de-la-norma-iso187882018-a-la-gestion-de-empresas-de-seguridad","title":{"rendered":"Curso Aplicaci\u00f3n de la norma ISO:18788:2018 a la gesti\u00f3n de empresas de seguridad"},"content":{"rendered":"<p><strong>OBJETIVO DEL CURSO<\/strong><br \/>\nDesarrollar habilidades en los trabajadores de la seguridad que permita realizar una implementaci\u00f3n correcta de la norma ISO 18788 a la gesti\u00f3n de las empresas. Se pretende alinear las actividades propias de la empresa y dar conformidad al modelo de gesti\u00f3n de operaciones de seguridad con el fin de mejorar la productividad y competitividad del sector de Vigilancia y Seguridad Privada.<\/p>\n","protected":false},"excerpt":{"rendered":"<p><strong>BIENVENIDOS<\/strong><\/p>\n<p>En nombre de la Asociaci\u00f3n Colombiana para la Competitividad, Innovaci\u00f3n y Productividad Empresarial ACOINPRE, nos permitimos darle una calurosa bienvenida al Curso Aplicaci\u00f3n de la ISO 18788:2018 a la gesti\u00f3n de empresas de seguridad.<\/p>\n<p>Este curso tiene como duraci\u00f3n veinte (20) horas acad\u00e9micas, las cuales se deben realizar virtualmente entre actividades te\u00f3ricas y actividades pr\u00e1cticas.<\/p>\n<p><strong>OBJETIVO DEL CURSO<\/strong><br \/>\nDesarrollar habilidades en los trabajadores de la seguridad que permita realizar una implementaci\u00f3n correcta de la norma ISO 18788 a la gesti\u00f3n de las empresas. Se pretende alinear las actividades propias de la empresa y dar conformidad al modelo de gesti\u00f3n de operaciones de seguridad con el fin de mejorar la productividad y competitividad del sector de Vigilancia y Seguridad Privada.<\/p>\n<p>Esta formaci\u00f3n actualiza competencias laborales, aumenta y adecua el conocimiento y las habilidades del talento humano, responde a las necesidades de formaci\u00f3n que promueven el desarrollo productivo y la competitividad de las empresas y beneficiarios participantes con ACOINPRE.<\/p>\n<p>Si tiene alguna duda o inquietud no dude en contactarnos al correo soporte@acoinpre.com o al tel\u00e9fono 317 3348318, de lo contrario si desea iniciar su curso en este momento lo invitamos a hacer clic sobre el t\u00edtulo de cada unidad tem\u00e1tica mencionado a continuaci\u00f3n:<\/p>\n<p><strong>Unidad 1:<\/strong> QUE ES LA GESTI\u00d3N INTEGRAL DEL RIESGO<\/p>\n<p><strong>Unidad 2:<\/strong> Normas relacionadas con ISO 18788<\/p>\n<p><strong>Unidad 3:<\/strong> Consideraci\u00f3n de Norma ISO 18788 para la gesti\u00f3n de empresas de seguridad<\/p>\n<p><strong>Unidad 4:<\/strong> Amenazas asociadas a la implementaci\u00f3n de gesti\u00f3n de empresas de seguridad<\/p>\n<p>Examen final<\/p>\n","protected":false},"featured_media":1208,"comment_status":"open","ping_status":"closed","template":"","meta":[],"product_cat":[20],"product_tag":[],"yoast_head":"<!-- This site is optimized with the Yoast SEO plugin v18.2 - https:\/\/yoast.com\/wordpress\/plugins\/seo\/ -->\n<title>Curso Aplicaci\u00f3n de la norma ISO:18788:2018 a la gesti\u00f3n de empresas de seguridad - ACOINPRE.COM<\/title>\n<meta name=\"robots\" content=\"index, follow, max-snippet:-1, max-image-preview:large, max-video-preview:-1\" \/>\n<link rel=\"canonical\" href=\"https:\/\/acoinpre.com\/?product=curso-aplicacion-de-la-norma-iso187882018-a-la-gestion-de-empresas-de-seguridad\" \/>\n<meta property=\"og:locale\" content=\"es_ES\" \/>\n<meta property=\"og:type\" content=\"article\" \/>\n<meta property=\"og:title\" content=\"Curso Aplicaci\u00f3n de la norma ISO:18788:2018 a la gesti\u00f3n de empresas de seguridad - ACOINPRE.COM\" \/>\n<meta property=\"og:description\" content=\"BIENVENIDOS  En nombre de la Asociaci\u00f3n Colombiana para la Competitividad, Innovaci\u00f3n y Productividad Empresarial ACOINPRE, nos permitimos darle una calurosa bienvenida al Curso Aplicaci\u00f3n de la ISO 18788:2018 a la gesti\u00f3n de empresas de seguridad.  Este curso tiene como duraci\u00f3n veinte (20) horas acad\u00e9micas, las cuales se deben realizar virtualmente entre actividades te\u00f3ricas y actividades pr\u00e1cticas.  OBJETIVO DEL CURSO Desarrollar habilidades en los trabajadores de la seguridad que permita realizar una implementaci\u00f3n correcta de la norma ISO 18788 a la gesti\u00f3n de las empresas. Se pretende alinear las actividades propias de la empresa y dar conformidad al modelo de gesti\u00f3n de operaciones de seguridad con el fin de mejorar la productividad y competitividad del sector de Vigilancia y Seguridad Privada.  Esta formaci\u00f3n actualiza competencias laborales, aumenta y adecua el conocimiento y las habilidades del talento humano, responde a las necesidades de formaci\u00f3n que promueven el desarrollo productivo y la competitividad de las empresas y beneficiarios participantes con ACOINPRE.  Si tiene alguna duda o inquietud no dude en contactarnos al correo soporte@acoinpre.com o al tel\u00e9fono 317 3348318, de lo contrario si desea iniciar su curso en este momento lo invitamos a hacer clic sobre el t\u00edtulo de cada unidad tem\u00e1tica mencionado a continuaci\u00f3n:  Unidad 1: QUE ES LA GESTI\u00d3N INTEGRAL DEL RIESGO  Unidad 2: Normas relacionadas con ISO 18788  Unidad 3: Consideraci\u00f3n de Norma ISO 18788 para la gesti\u00f3n de empresas de seguridad  Unidad 4: Amenazas asociadas a la implementaci\u00f3n de gesti\u00f3n de empresas de seguridad  Examen final\" \/>\n<meta property=\"og:url\" content=\"https:\/\/acoinpre.com\/?product=curso-aplicacion-de-la-norma-iso187882018-a-la-gestion-de-empresas-de-seguridad\" \/>\n<meta property=\"og:site_name\" content=\"ACOINPRE.COM\" \/>\n<meta property=\"article:publisher\" content=\"https:\/\/www.facebook.com\/asociacion.acoinpre\" \/>\n<meta property=\"article:modified_time\" content=\"2025-03-19T04:19:39+00:00\" \/>\n<meta property=\"og:image\" content=\"https:\/\/acoinpre.com\/wp-content\/uploads\/2021\/07\/2-1.png\" \/>\n\t<meta property=\"og:image:width\" content=\"1080\" \/>\n\t<meta property=\"og:image:height\" content=\"1080\" \/>\n\t<meta property=\"og:image:type\" content=\"image\/png\" \/>\n<meta name=\"twitter:card\" content=\"summary_large_image\" \/>\n<meta name=\"twitter:label1\" content=\"Tiempo de lectura\" \/>\n\t<meta name=\"twitter:data1\" content=\"1 minuto\" \/>\n<script type=\"application\/ld+json\" class=\"yoast-schema-graph\">{\"@context\":\"https:\/\/schema.org\",\"@graph\":[{\"@type\":\"Organization\",\"@id\":\"https:\/\/acoinpre.com\/#organization\",\"name\":\"Acoinpre\",\"url\":\"https:\/\/acoinpre.com\/\",\"sameAs\":[\"https:\/\/www.facebook.com\/asociacion.acoinpre\",\"https:\/\/www.instagram.com\/acoinpre\/\"],\"logo\":{\"@type\":\"ImageObject\",\"@id\":\"https:\/\/acoinpre.com\/#logo\",\"inLanguage\":\"es\",\"url\":\"https:\/\/acoinpre.com\/wp-content\/uploads\/2022\/02\/cropped-Acoimpre-logo-2-1.png\",\"contentUrl\":\"https:\/\/acoinpre.com\/wp-content\/uploads\/2022\/02\/cropped-Acoimpre-logo-2-1.png\",\"width\":150,\"height\":64,\"caption\":\"Acoinpre\"},\"image\":{\"@id\":\"https:\/\/acoinpre.com\/#logo\"}},{\"@type\":\"WebSite\",\"@id\":\"https:\/\/acoinpre.com\/#website\",\"url\":\"https:\/\/acoinpre.com\/\",\"name\":\"ACOINPRE.COM\",\"description\":\"Competitividad, Innovaci\u00f3n y Productividad Empresarial\",\"publisher\":{\"@id\":\"https:\/\/acoinpre.com\/#organization\"},\"potentialAction\":[{\"@type\":\"SearchAction\",\"target\":{\"@type\":\"EntryPoint\",\"urlTemplate\":\"https:\/\/acoinpre.com\/?s={search_term_string}\"},\"query-input\":\"required name=search_term_string\"}],\"inLanguage\":\"es\"},{\"@type\":\"ImageObject\",\"@id\":\"https:\/\/acoinpre.com\/?product=curso-aplicacion-de-la-norma-iso187882018-a-la-gestion-de-empresas-de-seguridad#primaryimage\",\"inLanguage\":\"es\",\"url\":\"https:\/\/acoinpre.com\/wp-content\/uploads\/2021\/07\/2-1.png\",\"contentUrl\":\"https:\/\/acoinpre.com\/wp-content\/uploads\/2021\/07\/2-1.png\",\"width\":1080,\"height\":1080},{\"@type\":\"WebPage\",\"@id\":\"https:\/\/acoinpre.com\/?product=curso-aplicacion-de-la-norma-iso187882018-a-la-gestion-de-empresas-de-seguridad#webpage\",\"url\":\"https:\/\/acoinpre.com\/?product=curso-aplicacion-de-la-norma-iso187882018-a-la-gestion-de-empresas-de-seguridad\",\"name\":\"Curso Aplicaci\u00f3n de la norma ISO:18788:2018 a la gesti\u00f3n de empresas de seguridad - ACOINPRE.COM\",\"isPartOf\":{\"@id\":\"https:\/\/acoinpre.com\/#website\"},\"primaryImageOfPage\":{\"@id\":\"https:\/\/acoinpre.com\/?product=curso-aplicacion-de-la-norma-iso187882018-a-la-gestion-de-empresas-de-seguridad#primaryimage\"},\"datePublished\":\"2021-07-07T16:39:40+00:00\",\"dateModified\":\"2025-03-19T04:19:39+00:00\",\"breadcrumb\":{\"@id\":\"https:\/\/acoinpre.com\/?product=curso-aplicacion-de-la-norma-iso187882018-a-la-gestion-de-empresas-de-seguridad#breadcrumb\"},\"inLanguage\":\"es\",\"potentialAction\":[{\"@type\":\"ReadAction\",\"target\":[\"https:\/\/acoinpre.com\/?product=curso-aplicacion-de-la-norma-iso187882018-a-la-gestion-de-empresas-de-seguridad\"]}]},{\"@type\":\"BreadcrumbList\",\"@id\":\"https:\/\/acoinpre.com\/?product=curso-aplicacion-de-la-norma-iso187882018-a-la-gestion-de-empresas-de-seguridad#breadcrumb\",\"itemListElement\":[{\"@type\":\"ListItem\",\"position\":1,\"name\":\"Home\",\"item\":\"https:\/\/acoinpre.com\/\"},{\"@type\":\"ListItem\",\"position\":2,\"name\":\"Tienda\",\"item\":\"https:\/\/acoinpre.com\/?page_id=1180\"},{\"@type\":\"ListItem\",\"position\":3,\"name\":\"Curso Aplicaci\u00f3n de la norma ISO:18788:2018 a la gesti\u00f3n de empresas de seguridad\"}]}]}<\/script>\n<!-- \/ Yoast SEO plugin. -->","yoast_head_json":{"title":"Curso Aplicaci\u00f3n de la norma ISO:18788:2018 a la gesti\u00f3n de empresas de seguridad - ACOINPRE.COM","robots":{"index":"index","follow":"follow","max-snippet":"max-snippet:-1","max-image-preview":"max-image-preview:large","max-video-preview":"max-video-preview:-1"},"canonical":"https:\/\/acoinpre.com\/?product=curso-aplicacion-de-la-norma-iso187882018-a-la-gestion-de-empresas-de-seguridad","og_locale":"es_ES","og_type":"article","og_title":"Curso Aplicaci\u00f3n de la norma ISO:18788:2018 a la gesti\u00f3n de empresas de seguridad - ACOINPRE.COM","og_description":"BIENVENIDOS  En nombre de la Asociaci\u00f3n Colombiana para la Competitividad, Innovaci\u00f3n y Productividad Empresarial ACOINPRE, nos permitimos darle una calurosa bienvenida al Curso Aplicaci\u00f3n de la ISO 18788:2018 a la gesti\u00f3n de empresas de seguridad.  Este curso tiene como duraci\u00f3n veinte (20) horas acad\u00e9micas, las cuales se deben realizar virtualmente entre actividades te\u00f3ricas y actividades pr\u00e1cticas.  OBJETIVO DEL CURSO Desarrollar habilidades en los trabajadores de la seguridad que permita realizar una implementaci\u00f3n correcta de la norma ISO 18788 a la gesti\u00f3n de las empresas. Se pretende alinear las actividades propias de la empresa y dar conformidad al modelo de gesti\u00f3n de operaciones de seguridad con el fin de mejorar la productividad y competitividad del sector de Vigilancia y Seguridad Privada.  Esta formaci\u00f3n actualiza competencias laborales, aumenta y adecua el conocimiento y las habilidades del talento humano, responde a las necesidades de formaci\u00f3n que promueven el desarrollo productivo y la competitividad de las empresas y beneficiarios participantes con ACOINPRE.  Si tiene alguna duda o inquietud no dude en contactarnos al correo soporte@acoinpre.com o al tel\u00e9fono 317 3348318, de lo contrario si desea iniciar su curso en este momento lo invitamos a hacer clic sobre el t\u00edtulo de cada unidad tem\u00e1tica mencionado a continuaci\u00f3n:  Unidad 1: QUE ES LA GESTI\u00d3N INTEGRAL DEL RIESGO  Unidad 2: Normas relacionadas con ISO 18788  Unidad 3: Consideraci\u00f3n de Norma ISO 18788 para la gesti\u00f3n de empresas de seguridad  Unidad 4: Amenazas asociadas a la implementaci\u00f3n de gesti\u00f3n de empresas de seguridad  Examen final","og_url":"https:\/\/acoinpre.com\/?product=curso-aplicacion-de-la-norma-iso187882018-a-la-gestion-de-empresas-de-seguridad","og_site_name":"ACOINPRE.COM","article_publisher":"https:\/\/www.facebook.com\/asociacion.acoinpre","article_modified_time":"2025-03-19T04:19:39+00:00","og_image":[{"width":1080,"height":1080,"url":"https:\/\/acoinpre.com\/wp-content\/uploads\/2021\/07\/2-1.png","type":"image\/png"}],"twitter_card":"summary_large_image","twitter_misc":{"Tiempo de lectura":"1 minuto"},"schema":{"@context":"https:\/\/schema.org","@graph":[{"@type":"Organization","@id":"https:\/\/acoinpre.com\/#organization","name":"Acoinpre","url":"https:\/\/acoinpre.com\/","sameAs":["https:\/\/www.facebook.com\/asociacion.acoinpre","https:\/\/www.instagram.com\/acoinpre\/"],"logo":{"@type":"ImageObject","@id":"https:\/\/acoinpre.com\/#logo","inLanguage":"es","url":"https:\/\/acoinpre.com\/wp-content\/uploads\/2022\/02\/cropped-Acoimpre-logo-2-1.png","contentUrl":"https:\/\/acoinpre.com\/wp-content\/uploads\/2022\/02\/cropped-Acoimpre-logo-2-1.png","width":150,"height":64,"caption":"Acoinpre"},"image":{"@id":"https:\/\/acoinpre.com\/#logo"}},{"@type":"WebSite","@id":"https:\/\/acoinpre.com\/#website","url":"https:\/\/acoinpre.com\/","name":"ACOINPRE.COM","description":"Competitividad, Innovaci\u00f3n y Productividad Empresarial","publisher":{"@id":"https:\/\/acoinpre.com\/#organization"},"potentialAction":[{"@type":"SearchAction","target":{"@type":"EntryPoint","urlTemplate":"https:\/\/acoinpre.com\/?s={search_term_string}"},"query-input":"required name=search_term_string"}],"inLanguage":"es"},{"@type":"ImageObject","@id":"https:\/\/acoinpre.com\/?product=curso-aplicacion-de-la-norma-iso187882018-a-la-gestion-de-empresas-de-seguridad#primaryimage","inLanguage":"es","url":"https:\/\/acoinpre.com\/wp-content\/uploads\/2021\/07\/2-1.png","contentUrl":"https:\/\/acoinpre.com\/wp-content\/uploads\/2021\/07\/2-1.png","width":1080,"height":1080},{"@type":"WebPage","@id":"https:\/\/acoinpre.com\/?product=curso-aplicacion-de-la-norma-iso187882018-a-la-gestion-de-empresas-de-seguridad#webpage","url":"https:\/\/acoinpre.com\/?product=curso-aplicacion-de-la-norma-iso187882018-a-la-gestion-de-empresas-de-seguridad","name":"Curso Aplicaci\u00f3n de la norma ISO:18788:2018 a la gesti\u00f3n de empresas de seguridad - ACOINPRE.COM","isPartOf":{"@id":"https:\/\/acoinpre.com\/#website"},"primaryImageOfPage":{"@id":"https:\/\/acoinpre.com\/?product=curso-aplicacion-de-la-norma-iso187882018-a-la-gestion-de-empresas-de-seguridad#primaryimage"},"datePublished":"2021-07-07T16:39:40+00:00","dateModified":"2025-03-19T04:19:39+00:00","breadcrumb":{"@id":"https:\/\/acoinpre.com\/?product=curso-aplicacion-de-la-norma-iso187882018-a-la-gestion-de-empresas-de-seguridad#breadcrumb"},"inLanguage":"es","potentialAction":[{"@type":"ReadAction","target":["https:\/\/acoinpre.com\/?product=curso-aplicacion-de-la-norma-iso187882018-a-la-gestion-de-empresas-de-seguridad"]}]},{"@type":"BreadcrumbList","@id":"https:\/\/acoinpre.com\/?product=curso-aplicacion-de-la-norma-iso187882018-a-la-gestion-de-empresas-de-seguridad#breadcrumb","itemListElement":[{"@type":"ListItem","position":1,"name":"Home","item":"https:\/\/acoinpre.com\/"},{"@type":"ListItem","position":2,"name":"Tienda","item":"https:\/\/acoinpre.com\/?page_id=1180"},{"@type":"ListItem","position":3,"name":"Curso Aplicaci\u00f3n de la norma ISO:18788:2018 a la gesti\u00f3n de empresas de seguridad"}]}]}},"_links":{"self":[{"href":"https:\/\/acoinpre.com\/index.php?rest_route=\/wp\/v2\/product\/1189"}],"collection":[{"href":"https:\/\/acoinpre.com\/index.php?rest_route=\/wp\/v2\/product"}],"about":[{"href":"https:\/\/acoinpre.com\/index.php?rest_route=\/wp\/v2\/types\/product"}],"replies":[{"embeddable":true,"href":"https:\/\/acoinpre.com\/index.php?rest_route=%2Fwp%2Fv2%2Fcomments&post=1189"}],"wp:featuredmedia":[{"embeddable":true,"href":"https:\/\/acoinpre.com\/index.php?rest_route=\/wp\/v2\/media\/1208"}],"wp:attachment":[{"href":"https:\/\/acoinpre.com\/index.php?rest_route=%2Fwp%2Fv2%2Fmedia&parent=1189"}],"wp:term":[{"taxonomy":"product_cat","embeddable":true,"href":"https:\/\/acoinpre.com\/index.php?rest_route=%2Fwp%2Fv2%2Fproduct_cat&post=1189"},{"taxonomy":"product_tag","embeddable":true,"href":"https:\/\/acoinpre.com\/index.php?rest_route=%2Fwp%2Fv2%2Fproduct_tag&post=1189"}],"curies":[{"name":"wp","href":"https:\/\/api.w.org\/{rel}","templated":true}]}}