{"id":1205,"date":"2021-08-06T17:19:37","date_gmt":"2021-08-06T17:19:37","guid":{"rendered":"https:\/\/acoinpre.com\/?post_type=product&#038;p=1205"},"modified":"2024-08-09T12:20:30","modified_gmt":"2024-08-09T12:20:30","slug":"diplomado-gerencia-de-la-seguridad","status":"publish","type":"product","link":"https:\/\/acoinpre.com\/?product=diplomado-gerencia-de-la-seguridad","title":{"rendered":"Diplomado Gerencia de la Seguridad"},"content":{"rendered":"<p>En nombre de la Asociaci\u00f3n Colombiana para la Competitividad, Innovaci\u00f3n y Productividad Empresarial ACOINPRE, nos permitimos darle una calurosa bienvenida al Diplomado Gerencia de la Seguridad para empresas sostenibles.<\/p>\n<p>Este diplomado tiene como duraci\u00f3n ochenta (80) horas acad\u00e9micas, las cuales se deben realizar virtualmente entre actividades te\u00f3ricas y actividades pr\u00e1cticas.<\/p>\n<p>&nbsp;<\/p>\n<p><strong>OBJETIVO DEL CURSO VIRTUAL<\/strong><br \/>\nGenerar habilidades y competencias en los empleados del sector seguridad para la gerencia de la seguridad en empresas sostenibles, que permitan el desarrollo del sector por medio de procesos innovadores y competitivos enfocados en la mitigaci\u00f3n de riesgos de seguridad para los entornos econ\u00f3micos donde se presta el servicio.<\/p>\n<p>Esta formaci\u00f3n actualiza competencias laborales, aumenta y adecua el conocimiento y las habilidades del talento humano, responde a las necesidades de formaci\u00f3n que promueven el desarrollo productivo y la competitividad de las empresas y beneficiarios participantes con ACOINPRE.<\/p>\n<p>Si tiene alguna duda o inquietud no dude en contactarnos al correo soporte@acoinpre.com o al tel\u00e9fono 317 3348318, de lo contrario si desea iniciar su curso en este momento lo invitamos a hacer clic sobre el t\u00edtulo de cada unidad tem\u00e1tica mencionado a continuaci\u00f3n:<\/p>\n<p><strong>UNIDAD 1:<\/strong> ASPECTOS LEGALES DEL SECTOR DE LA SEGURIDAD<\/p>\n<p><strong>UNIDAD 2:<\/strong> ROL GERENCIAL EN LA ORGANIZACI\u00d3N: MIRADAS PARA LA INNOVACI\u00d3N Y LA SOSTENIBILIDAD DEL SECTOR<\/p>\n<p><strong>UNIDAD 3:<\/strong> LA GESTI\u00d3N INNOVADORA DEL RIESGO APLICADA A PROCESOS DE SEGURIDAD COMPETITIVA Y SOSTENIBLE<\/p>\n<p><strong>UNIDAD 4:<\/strong> SEGURIDAD F\u00cdSICA: PLANES, ESTUDIOS Y GESTI\u00d3N DE LA INNOVACI\u00d3N, LA COMPETITIVIDAD Y LA PRODUCTIVIDAD DEL SECTOR<\/p>\n<p><strong>UNIDAD 5:<\/strong> PROCESOS INNOVADORES PARA LA SEGURIDAD DE LA INFORMACI\u00d3N<\/p>\n<p><strong>UNIDAD 6:<\/strong> HABILIDADES TRANSVERSALES PARA EL DESARROLLO DE LA \u00c9TICA PROFESIONAL<\/p>\n","protected":false},"excerpt":{"rendered":"<p><strong>OBJETIVO DEL CURSO VIRTUAL<\/strong><\/p>\n<p>Generar habilidades y competencias en los empleados del sector seguridad para la gerencia de la seguridad en empresas sostenibles, que permitan el desarrollo del sector por medio de procesos innovadores y competitivos enfocados en la mitigaci\u00f3n de riesgos de seguridad para los entornos econ\u00f3micos donde se presta el servicio.<\/p>\n","protected":false},"featured_media":1207,"comment_status":"open","ping_status":"closed","template":"","meta":[],"product_cat":[20],"product_tag":[],"yoast_head":"<!-- This site is optimized with the Yoast SEO plugin v18.2 - https:\/\/yoast.com\/wordpress\/plugins\/seo\/ -->\n<title>Diplomado Gerencia de la Seguridad - ACOINPRE.COM<\/title>\n<meta name=\"robots\" content=\"index, follow, max-snippet:-1, max-image-preview:large, max-video-preview:-1\" \/>\n<link rel=\"canonical\" href=\"https:\/\/acoinpre.com\/?product=diplomado-gerencia-de-la-seguridad\" \/>\n<meta property=\"og:locale\" content=\"es_ES\" \/>\n<meta property=\"og:type\" content=\"article\" \/>\n<meta property=\"og:title\" content=\"Diplomado Gerencia de la Seguridad - ACOINPRE.COM\" \/>\n<meta property=\"og:description\" content=\"OBJETIVO DEL CURSO VIRTUAL  Generar habilidades y competencias en los empleados del sector seguridad para la gerencia de la seguridad en empresas sostenibles, que permitan el desarrollo del sector por medio de procesos innovadores y competitivos enfocados en la mitigaci\u00f3n de riesgos de seguridad para los entornos econ\u00f3micos donde se presta el servicio.\" \/>\n<meta property=\"og:url\" content=\"https:\/\/acoinpre.com\/?product=diplomado-gerencia-de-la-seguridad\" \/>\n<meta property=\"og:site_name\" content=\"ACOINPRE.COM\" \/>\n<meta property=\"article:publisher\" content=\"https:\/\/www.facebook.com\/asociacion.acoinpre\" \/>\n<meta property=\"article:modified_time\" content=\"2024-08-09T12:20:30+00:00\" \/>\n<meta property=\"og:image\" content=\"https:\/\/acoinpre.com\/wp-content\/uploads\/2021\/08\/3-1.png\" \/>\n\t<meta property=\"og:image:width\" content=\"1080\" \/>\n\t<meta property=\"og:image:height\" content=\"1080\" \/>\n\t<meta property=\"og:image:type\" content=\"image\/png\" \/>\n<meta name=\"twitter:card\" content=\"summary_large_image\" \/>\n<meta name=\"twitter:label1\" content=\"Tiempo de lectura\" \/>\n\t<meta name=\"twitter:data1\" content=\"2 minutos\" \/>\n<script type=\"application\/ld+json\" class=\"yoast-schema-graph\">{\"@context\":\"https:\/\/schema.org\",\"@graph\":[{\"@type\":\"Organization\",\"@id\":\"https:\/\/acoinpre.com\/#organization\",\"name\":\"Acoinpre\",\"url\":\"https:\/\/acoinpre.com\/\",\"sameAs\":[\"https:\/\/www.facebook.com\/asociacion.acoinpre\",\"https:\/\/www.instagram.com\/acoinpre\/\"],\"logo\":{\"@type\":\"ImageObject\",\"@id\":\"https:\/\/acoinpre.com\/#logo\",\"inLanguage\":\"es\",\"url\":\"https:\/\/acoinpre.com\/wp-content\/uploads\/2022\/02\/cropped-Acoimpre-logo-2-1.png\",\"contentUrl\":\"https:\/\/acoinpre.com\/wp-content\/uploads\/2022\/02\/cropped-Acoimpre-logo-2-1.png\",\"width\":150,\"height\":64,\"caption\":\"Acoinpre\"},\"image\":{\"@id\":\"https:\/\/acoinpre.com\/#logo\"}},{\"@type\":\"WebSite\",\"@id\":\"https:\/\/acoinpre.com\/#website\",\"url\":\"https:\/\/acoinpre.com\/\",\"name\":\"ACOINPRE.COM\",\"description\":\"Competitividad, Innovaci\u00f3n y Productividad Empresarial\",\"publisher\":{\"@id\":\"https:\/\/acoinpre.com\/#organization\"},\"potentialAction\":[{\"@type\":\"SearchAction\",\"target\":{\"@type\":\"EntryPoint\",\"urlTemplate\":\"https:\/\/acoinpre.com\/?s={search_term_string}\"},\"query-input\":\"required name=search_term_string\"}],\"inLanguage\":\"es\"},{\"@type\":\"ImageObject\",\"@id\":\"https:\/\/acoinpre.com\/?product=diplomado-gerencia-de-la-seguridad#primaryimage\",\"inLanguage\":\"es\",\"url\":\"https:\/\/acoinpre.com\/wp-content\/uploads\/2021\/08\/3-1.png\",\"contentUrl\":\"https:\/\/acoinpre.com\/wp-content\/uploads\/2021\/08\/3-1.png\",\"width\":1080,\"height\":1080},{\"@type\":\"WebPage\",\"@id\":\"https:\/\/acoinpre.com\/?product=diplomado-gerencia-de-la-seguridad#webpage\",\"url\":\"https:\/\/acoinpre.com\/?product=diplomado-gerencia-de-la-seguridad\",\"name\":\"Diplomado Gerencia de la Seguridad - ACOINPRE.COM\",\"isPartOf\":{\"@id\":\"https:\/\/acoinpre.com\/#website\"},\"primaryImageOfPage\":{\"@id\":\"https:\/\/acoinpre.com\/?product=diplomado-gerencia-de-la-seguridad#primaryimage\"},\"datePublished\":\"2021-08-06T17:19:37+00:00\",\"dateModified\":\"2024-08-09T12:20:30+00:00\",\"breadcrumb\":{\"@id\":\"https:\/\/acoinpre.com\/?product=diplomado-gerencia-de-la-seguridad#breadcrumb\"},\"inLanguage\":\"es\",\"potentialAction\":[{\"@type\":\"ReadAction\",\"target\":[\"https:\/\/acoinpre.com\/?product=diplomado-gerencia-de-la-seguridad\"]}]},{\"@type\":\"BreadcrumbList\",\"@id\":\"https:\/\/acoinpre.com\/?product=diplomado-gerencia-de-la-seguridad#breadcrumb\",\"itemListElement\":[{\"@type\":\"ListItem\",\"position\":1,\"name\":\"Home\",\"item\":\"https:\/\/acoinpre.com\/\"},{\"@type\":\"ListItem\",\"position\":2,\"name\":\"Tienda\",\"item\":\"https:\/\/acoinpre.com\/?page_id=1180\"},{\"@type\":\"ListItem\",\"position\":3,\"name\":\"Diplomado Gerencia de la Seguridad\"}]}]}<\/script>\n<!-- \/ Yoast SEO plugin. -->","yoast_head_json":{"title":"Diplomado Gerencia de la Seguridad - ACOINPRE.COM","robots":{"index":"index","follow":"follow","max-snippet":"max-snippet:-1","max-image-preview":"max-image-preview:large","max-video-preview":"max-video-preview:-1"},"canonical":"https:\/\/acoinpre.com\/?product=diplomado-gerencia-de-la-seguridad","og_locale":"es_ES","og_type":"article","og_title":"Diplomado Gerencia de la Seguridad - ACOINPRE.COM","og_description":"OBJETIVO DEL CURSO VIRTUAL  Generar habilidades y competencias en los empleados del sector seguridad para la gerencia de la seguridad en empresas sostenibles, que permitan el desarrollo del sector por medio de procesos innovadores y competitivos enfocados en la mitigaci\u00f3n de riesgos de seguridad para los entornos econ\u00f3micos donde se presta el servicio.","og_url":"https:\/\/acoinpre.com\/?product=diplomado-gerencia-de-la-seguridad","og_site_name":"ACOINPRE.COM","article_publisher":"https:\/\/www.facebook.com\/asociacion.acoinpre","article_modified_time":"2024-08-09T12:20:30+00:00","og_image":[{"width":1080,"height":1080,"url":"https:\/\/acoinpre.com\/wp-content\/uploads\/2021\/08\/3-1.png","type":"image\/png"}],"twitter_card":"summary_large_image","twitter_misc":{"Tiempo de lectura":"2 minutos"},"schema":{"@context":"https:\/\/schema.org","@graph":[{"@type":"Organization","@id":"https:\/\/acoinpre.com\/#organization","name":"Acoinpre","url":"https:\/\/acoinpre.com\/","sameAs":["https:\/\/www.facebook.com\/asociacion.acoinpre","https:\/\/www.instagram.com\/acoinpre\/"],"logo":{"@type":"ImageObject","@id":"https:\/\/acoinpre.com\/#logo","inLanguage":"es","url":"https:\/\/acoinpre.com\/wp-content\/uploads\/2022\/02\/cropped-Acoimpre-logo-2-1.png","contentUrl":"https:\/\/acoinpre.com\/wp-content\/uploads\/2022\/02\/cropped-Acoimpre-logo-2-1.png","width":150,"height":64,"caption":"Acoinpre"},"image":{"@id":"https:\/\/acoinpre.com\/#logo"}},{"@type":"WebSite","@id":"https:\/\/acoinpre.com\/#website","url":"https:\/\/acoinpre.com\/","name":"ACOINPRE.COM","description":"Competitividad, Innovaci\u00f3n y Productividad Empresarial","publisher":{"@id":"https:\/\/acoinpre.com\/#organization"},"potentialAction":[{"@type":"SearchAction","target":{"@type":"EntryPoint","urlTemplate":"https:\/\/acoinpre.com\/?s={search_term_string}"},"query-input":"required name=search_term_string"}],"inLanguage":"es"},{"@type":"ImageObject","@id":"https:\/\/acoinpre.com\/?product=diplomado-gerencia-de-la-seguridad#primaryimage","inLanguage":"es","url":"https:\/\/acoinpre.com\/wp-content\/uploads\/2021\/08\/3-1.png","contentUrl":"https:\/\/acoinpre.com\/wp-content\/uploads\/2021\/08\/3-1.png","width":1080,"height":1080},{"@type":"WebPage","@id":"https:\/\/acoinpre.com\/?product=diplomado-gerencia-de-la-seguridad#webpage","url":"https:\/\/acoinpre.com\/?product=diplomado-gerencia-de-la-seguridad","name":"Diplomado Gerencia de la Seguridad - ACOINPRE.COM","isPartOf":{"@id":"https:\/\/acoinpre.com\/#website"},"primaryImageOfPage":{"@id":"https:\/\/acoinpre.com\/?product=diplomado-gerencia-de-la-seguridad#primaryimage"},"datePublished":"2021-08-06T17:19:37+00:00","dateModified":"2024-08-09T12:20:30+00:00","breadcrumb":{"@id":"https:\/\/acoinpre.com\/?product=diplomado-gerencia-de-la-seguridad#breadcrumb"},"inLanguage":"es","potentialAction":[{"@type":"ReadAction","target":["https:\/\/acoinpre.com\/?product=diplomado-gerencia-de-la-seguridad"]}]},{"@type":"BreadcrumbList","@id":"https:\/\/acoinpre.com\/?product=diplomado-gerencia-de-la-seguridad#breadcrumb","itemListElement":[{"@type":"ListItem","position":1,"name":"Home","item":"https:\/\/acoinpre.com\/"},{"@type":"ListItem","position":2,"name":"Tienda","item":"https:\/\/acoinpre.com\/?page_id=1180"},{"@type":"ListItem","position":3,"name":"Diplomado Gerencia de la Seguridad"}]}]}},"_links":{"self":[{"href":"https:\/\/acoinpre.com\/index.php?rest_route=\/wp\/v2\/product\/1205"}],"collection":[{"href":"https:\/\/acoinpre.com\/index.php?rest_route=\/wp\/v2\/product"}],"about":[{"href":"https:\/\/acoinpre.com\/index.php?rest_route=\/wp\/v2\/types\/product"}],"replies":[{"embeddable":true,"href":"https:\/\/acoinpre.com\/index.php?rest_route=%2Fwp%2Fv2%2Fcomments&post=1205"}],"wp:featuredmedia":[{"embeddable":true,"href":"https:\/\/acoinpre.com\/index.php?rest_route=\/wp\/v2\/media\/1207"}],"wp:attachment":[{"href":"https:\/\/acoinpre.com\/index.php?rest_route=%2Fwp%2Fv2%2Fmedia&parent=1205"}],"wp:term":[{"taxonomy":"product_cat","embeddable":true,"href":"https:\/\/acoinpre.com\/index.php?rest_route=%2Fwp%2Fv2%2Fproduct_cat&post=1205"},{"taxonomy":"product_tag","embeddable":true,"href":"https:\/\/acoinpre.com\/index.php?rest_route=%2Fwp%2Fv2%2Fproduct_tag&post=1205"}],"curies":[{"name":"wp","href":"https:\/\/api.w.org\/{rel}","templated":true}]}}